{"id":12780,"date":"2021-03-31T15:09:49","date_gmt":"2021-03-31T14:09:49","guid":{"rendered":"https:\/\/www.roscom.co.uk\/assurance-du-revenu-e-commerce\/"},"modified":"2024-01-03T09:37:00","modified_gmt":"2024-01-03T09:37:00","slug":"assurance-du-revenu-e-commerce","status":"publish","type":"page","link":"https:\/\/www.roscom.co.uk\/fr\/assurance-du-revenu-e-commerce\/","title":{"rendered":"Assurance sur le Revenu E-Commerce"},"content":{"rendered":"\t\t<div data-elementor-type=\"wp-page\" data-elementor-id=\"12780\" class=\"elementor elementor-12780 elementor-12287\" data-elementor-post-type=\"page\">\n\t\t\t\t\t\t<section class=\"elementor-section elementor-top-section elementor-element elementor-element-9fab5a9 elementor-section-boxed elementor-section-height-default elementor-section-height-default\" data-id=\"9fab5a9\" data-element_type=\"section\" data-e-type=\"section\">\n\t\t\t\t\t\t<div class=\"elementor-container elementor-column-gap-default\">\n\t\t\t\t\t<div class=\"elementor-column elementor-col-100 elementor-top-column elementor-element elementor-element-0601145\" data-id=\"0601145\" data-element_type=\"column\" data-e-type=\"column\">\n\t\t\t<div class=\"elementor-widget-wrap elementor-element-populated\">\n\t\t\t\t\t\t<div class=\"elementor-element elementor-element-b952644 elementor-widget elementor-widget-spacer\" data-id=\"b952644\" data-element_type=\"widget\" data-e-type=\"widget\" data-widget_type=\"spacer.default\">\n\t\t\t\t<div class=\"elementor-widget-container\">\n\t\t\t\t\t\t\t<div class=\"elementor-spacer\">\n\t\t\t<div class=\"elementor-spacer-inner\"><\/div>\n\t\t<\/div>\n\t\t\t\t\t\t<\/div>\n\t\t\t\t<\/div>\n\t\t\t\t\t<\/div>\n\t\t<\/div>\n\t\t\t\t\t<\/div>\n\t\t<\/section>\n\t\t\t\t<section class=\"elementor-section elementor-top-section elementor-element elementor-element-c4021f5 elementor-section-boxed elementor-section-height-default elementor-section-height-default\" data-id=\"c4021f5\" data-element_type=\"section\" data-e-type=\"section\">\n\t\t\t\t\t\t<div class=\"elementor-container elementor-column-gap-default\">\n\t\t\t\t\t<div class=\"elementor-column elementor-col-100 elementor-top-column elementor-element elementor-element-b39d7f4\" data-id=\"b39d7f4\" data-element_type=\"column\" data-e-type=\"column\">\n\t\t\t<div class=\"elementor-widget-wrap elementor-element-populated\">\n\t\t\t\t\t\t<div class=\"elementor-element elementor-element-50efa72 elementor-widget elementor-widget-heading\" data-id=\"50efa72\" data-element_type=\"widget\" data-e-type=\"widget\" data-widget_type=\"heading.default\">\n\t\t\t\t<div class=\"elementor-widget-container\">\n\t\t\t\t\t<h1 class=\"elementor-heading-title elementor-size-xl\">Assurance sur le Revenu E-Commerce<\/h1>\t\t\t\t<\/div>\n\t\t\t\t<\/div>\n\t\t\t\t<div class=\"elementor-element elementor-element-44e6b0c elementor-widget elementor-widget-spacer\" data-id=\"44e6b0c\" data-element_type=\"widget\" data-e-type=\"widget\" data-widget_type=\"spacer.default\">\n\t\t\t\t<div class=\"elementor-widget-container\">\n\t\t\t\t\t\t\t<div class=\"elementor-spacer\">\n\t\t\t<div class=\"elementor-spacer-inner\"><\/div>\n\t\t<\/div>\n\t\t\t\t\t\t<\/div>\n\t\t\t\t<\/div>\n\t\t\t\t\t<\/div>\n\t\t<\/div>\n\t\t\t\t\t<\/div>\n\t\t<\/section>\n\t\t\t\t<section class=\"elementor-section elementor-top-section elementor-element elementor-element-f63c2aa elementor-section-boxed elementor-section-height-default elementor-section-height-default\" data-id=\"f63c2aa\" data-element_type=\"section\" data-e-type=\"section\">\n\t\t\t\t\t\t<div class=\"elementor-container elementor-column-gap-default\">\n\t\t\t\t\t<div class=\"elementor-column elementor-col-50 elementor-top-column elementor-element elementor-element-e526c3c\" data-id=\"e526c3c\" data-element_type=\"column\" data-e-type=\"column\">\n\t\t\t<div class=\"elementor-widget-wrap elementor-element-populated\">\n\t\t\t\t\t\t<div class=\"elementor-element elementor-element-d36cdd8 elementor-widget elementor-widget-text-editor\" data-id=\"d36cdd8\" data-element_type=\"widget\" data-e-type=\"widget\" data-widget_type=\"text-editor.default\">\n\t\t\t\t<div class=\"elementor-widget-container\">\n\t\t\t\t\t\t\t\t\t<p>Avec des outils certfi\u00e9s ainsi que 30 ann\u00e9es de technologie et de savoir-faire, Roscom applique activement ses connaissances dans l&rsquo;industrie du Commerce en Ligne \u00e0 travers une gamme de technologies. Nos outils ne n\u00e9cessitent que de simples donn\u00e9es commerciales de haut niveau pour une mise en \u0153uvre d&rsquo;Assurance sur le Revenu (RA), ce qui signifie que le d\u00e9ploiement est un projet technique facile, rapide et simple.<\/p><p>Notre d\u00e9ploiement standard d\u2019Assurance sur le Revenu comprend la validation du catalogue SKU principal, une validation compl\u00e8te de r\u00e9\u00e9valuation de la facturation finale en r\u00e8gle g\u00e9n\u00e9rale et une validation de la TVA compl\u00e8te. La TVA est un contr\u00f4le cl\u00e9 que nous fournissons pour l\u2019Assurance sur le Revenu, y compris toute ing\u00e9nierie inverse de son calcul le cas \u00e9ch\u00e9ant pour chaque cat\u00e9gorie de SKU avec des taux de TVA variables. Chaque type de r\u00e9duction est valid\u00e9 pour le chiffre d&rsquo;affaires et le moment de son application aux commandes pass\u00e9es pour traitement. Il existe de nombreux contr\u00f4les divers de routine, dont des contr\u00f4les de la marge qui peuvent \u00eatre utilis\u00e9s dans un d\u00e9ploiement RA standard.<\/p><p>Les d\u00e9ploiements RA aideront \u00e9galement \u00e0 prouver la conformit\u00e9 aux r\u00e9glementations, bien que chaque installation soit soumise \u00e0 des contraintes r\u00e9glementaires diff\u00e9rentes. Cela couvre de multiples aspects de l&rsquo;assurance, allant des commandes pr\u00e9par\u00e9es et des paiements encaiss\u00e9s aux remboursements, en passant par les offres promotionnelles, les changements et les calculs de taxes. L&rsquo;expertise qui accompagne l&rsquo;installation de nos outils permet d&rsquo;\u00e9tablir quelles preuves r\u00e9glementaires peuvent \u00eatre int\u00e9gr\u00e9es dans vos processus de Gouvernance, Risque et Conformit\u00e9 (GRC) \u00e0 des fins d\u2019\u00e9valuation et d&rsquo;att\u00e9nuation.<\/p>\t\t\t\t\t\t\t\t<\/div>\n\t\t\t\t<\/div>\n\t\t\t\t<div class=\"elementor-element elementor-element-df8d631 elementor-widget elementor-widget-spacer\" data-id=\"df8d631\" data-element_type=\"widget\" data-e-type=\"widget\" data-widget_type=\"spacer.default\">\n\t\t\t\t<div class=\"elementor-widget-container\">\n\t\t\t\t\t\t\t<div class=\"elementor-spacer\">\n\t\t\t<div class=\"elementor-spacer-inner\"><\/div>\n\t\t<\/div>\n\t\t\t\t\t\t<\/div>\n\t\t\t\t<\/div>\n\t\t\t\t\t<\/div>\n\t\t<\/div>\n\t\t\t\t<div class=\"elementor-column elementor-col-50 elementor-top-column elementor-element elementor-element-2e193e3\" data-id=\"2e193e3\" data-element_type=\"column\" data-e-type=\"column\">\n\t\t\t<div class=\"elementor-widget-wrap elementor-element-populated\">\n\t\t\t\t\t\t<div class=\"elementor-element elementor-element-a305bcb elementor-widget elementor-widget-image\" data-id=\"a305bcb\" data-element_type=\"widget\" data-e-type=\"widget\" data-widget_type=\"image.default\">\n\t\t\t\t<div class=\"elementor-widget-container\">\n\t\t\t\t\t\t\t\t\t\t\t\t\t\t\t<img fetchpriority=\"high\" decoding=\"async\" width=\"768\" height=\"512\" src=\"https:\/\/www.roscom.co.uk\/wp-content\/uploads\/Online-Sales-Promotions_S-768x512.webp\" class=\"attachment-medium_large size-medium_large wp-image-24542\" alt=\"eCommerce Revenue Assurance - Roscom\" srcset=\"https:\/\/www.roscom.co.uk\/wp-content\/uploads\/Online-Sales-Promotions_S-768x512.webp 768w, https:\/\/www.roscom.co.uk\/wp-content\/uploads\/Online-Sales-Promotions_S-300x200.webp 300w, https:\/\/www.roscom.co.uk\/wp-content\/uploads\/Online-Sales-Promotions_S-1024x683.webp 1024w, https:\/\/www.roscom.co.uk\/wp-content\/uploads\/Online-Sales-Promotions_S.webp 1254w\" sizes=\"(max-width: 768px) 100vw, 768px\" \/>\t\t\t\t\t\t\t\t\t\t\t\t\t\t\t<\/div>\n\t\t\t\t<\/div>\n\t\t\t\t<div class=\"elementor-element elementor-element-2da271e elementor-icon-list--layout-traditional elementor-list-item-link-full_width elementor-widget elementor-widget-icon-list\" data-id=\"2da271e\" data-element_type=\"widget\" data-e-type=\"widget\" data-widget_type=\"icon-list.default\">\n\t\t\t\t<div class=\"elementor-widget-container\">\n\t\t\t\t\t\t\t<ul class=\"elementor-icon-list-items\">\n\t\t\t\t\t\t\t<li class=\"elementor-icon-list-item\">\n\t\t\t\t\t\t\t\t\t\t\t<span class=\"elementor-icon-list-icon\">\n\t\t\t\t\t\t\t<svg aria-hidden=\"true\" class=\"e-font-icon-svg e-fas-dollar-sign\" viewBox=\"0 0 288 512\" xmlns=\"http:\/\/www.w3.org\/2000\/svg\"><path d=\"M209.2 233.4l-108-31.6C88.7 198.2 80 186.5 80 173.5c0-16.3 13.2-29.5 29.5-29.5h66.3c12.2 0 24.2 3.7 34.2 10.5 6.1 4.1 14.3 3.1 19.5-2l34.8-34c7.1-6.9 6.1-18.4-1.8-24.5C238 74.8 207.4 64.1 176 64V16c0-8.8-7.2-16-16-16h-32c-8.8 0-16 7.2-16 16v48h-2.5C45.8 64-5.4 118.7.5 183.6c4.2 46.1 39.4 83.6 83.8 96.6l102.5 30c12.5 3.7 21.2 15.3 21.2 28.3 0 16.3-13.2 29.5-29.5 29.5h-66.3C100 368 88 364.3 78 357.5c-6.1-4.1-14.3-3.1-19.5 2l-34.8 34c-7.1 6.9-6.1 18.4 1.8 24.5 24.5 19.2 55.1 29.9 86.5 30v48c0 8.8 7.2 16 16 16h32c8.8 0 16-7.2 16-16v-48.2c46.6-.9 90.3-28.6 105.7-72.7 21.5-61.6-14.6-124.8-72.5-141.7z\"><\/path><\/svg>\t\t\t\t\t\t<\/span>\n\t\t\t\t\t\t\t\t\t\t<span class=\"elementor-icon-list-text\">Savez-vous comment vos offres de r\u00e9duction affectent vos marges ?<\/span>\n\t\t\t\t\t\t\t\t\t<\/li>\n\t\t\t\t\t\t\t\t<li class=\"elementor-icon-list-item\">\n\t\t\t\t\t\t\t\t\t\t\t<span class=\"elementor-icon-list-icon\">\n\t\t\t\t\t\t\t<svg aria-hidden=\"true\" class=\"e-font-icon-svg e-fas-traffic-light\" viewBox=\"0 0 384 512\" xmlns=\"http:\/\/www.w3.org\/2000\/svg\"><path d=\"M384 192h-64v-37.88c37.2-13.22 64-48.38 64-90.12h-64V32c0-17.67-14.33-32-32-32H96C78.33 0 64 14.33 64 32v32H0c0 41.74 26.8 76.9 64 90.12V192H0c0 41.74 26.8 76.9 64 90.12V320H0c0 42.84 28.25 78.69 66.99 91.05C79.42 468.72 130.6 512 192 512s112.58-43.28 125.01-100.95C355.75 398.69 384 362.84 384 320h-64v-37.88c37.2-13.22 64-48.38 64-90.12zM192 416c-26.51 0-48-21.49-48-48s21.49-48 48-48 48 21.49 48 48-21.49 48-48 48zm0-128c-26.51 0-48-21.49-48-48s21.49-48 48-48 48 21.49 48 48-21.49 48-48 48zm0-128c-26.51 0-48-21.49-48-48s21.49-48 48-48 48 21.49 48 48-21.49 48-48 48z\"><\/path><\/svg>\t\t\t\t\t\t<\/span>\n\t\t\t\t\t\t\t\t\t\t<span class=\"elementor-icon-list-text\">Dans quelle mesure vos outils permettent-ils de mettre en \u0153uvre votre structure de risques et de contr\u00f4les ?<\/span>\n\t\t\t\t\t\t\t\t\t<\/li>\n\t\t\t\t\t\t\t\t<li class=\"elementor-icon-list-item\">\n\t\t\t\t\t\t\t\t\t\t\t<span class=\"elementor-icon-list-icon\">\n\t\t\t\t\t\t\t<svg aria-hidden=\"true\" class=\"e-font-icon-svg e-fas-check-circle\" viewBox=\"0 0 512 512\" xmlns=\"http:\/\/www.w3.org\/2000\/svg\"><path d=\"M504 256c0 136.967-111.033 248-248 248S8 392.967 8 256 119.033 8 256 8s248 111.033 248 248zM227.314 387.314l184-184c6.248-6.248 6.248-16.379 0-22.627l-22.627-22.627c-6.248-6.249-16.379-6.249-22.628 0L216 308.118l-70.059-70.059c-6.248-6.248-16.379-6.248-22.628 0l-22.627 22.627c-6.248 6.248-6.248 16.379 0 22.627l104 104c6.249 6.249 16.379 6.249 22.628.001z\"><\/path><\/svg>\t\t\t\t\t\t<\/span>\n\t\t\t\t\t\t\t\t\t\t<span class=\"elementor-icon-list-text\">Voulez-vous b\u00e9n\u00e9ficier d'une structure pr\u00e9\u00e9tablie et \u00e9prouv\u00e9e pour les risques et les contr\u00f4les ?<\/span>\n\t\t\t\t\t\t\t\t\t<\/li>\n\t\t\t\t\t\t<\/ul>\n\t\t\t\t\t\t<\/div>\n\t\t\t\t<\/div>\n\t\t\t\t<div class=\"elementor-element elementor-element-3a88c82 elementor-align-right elementor-widget elementor-widget-button\" data-id=\"3a88c82\" data-element_type=\"widget\" data-e-type=\"widget\" data-widget_type=\"button.default\">\n\t\t\t\t<div class=\"elementor-widget-container\">\n\t\t\t\t\t\t\t\t\t<div class=\"elementor-button-wrapper\">\n\t\t\t\t\t<a class=\"elementor-button elementor-button-link elementor-size-sm\" href=\"https:\/\/www.roscom.co.uk\/fr\/contactez-nous\/\">\n\t\t\t\t\t\t<span class=\"elementor-button-content-wrapper\">\n\t\t\t\t\t\t\t\t\t<span class=\"elementor-button-text\">CONTACTEZ-NOUS<\/span>\n\t\t\t\t\t<\/span>\n\t\t\t\t\t<\/a>\n\t\t\t\t<\/div>\n\t\t\t\t\t\t\t\t<\/div>\n\t\t\t\t<\/div>\n\t\t\t\t\t<\/div>\n\t\t<\/div>\n\t\t\t\t\t<\/div>\n\t\t<\/section>\n\t\t\t\t<section class=\"elementor-section elementor-top-section elementor-element elementor-element-bca3de3 elementor-section-boxed elementor-section-height-default elementor-section-height-default\" data-id=\"bca3de3\" data-element_type=\"section\" data-e-type=\"section\">\n\t\t\t\t\t\t<div class=\"elementor-container elementor-column-gap-default\">\n\t\t\t\t\t<div class=\"elementor-column elementor-col-100 elementor-top-column elementor-element elementor-element-c0749b2\" data-id=\"c0749b2\" data-element_type=\"column\" data-e-type=\"column\">\n\t\t\t<div class=\"elementor-widget-wrap elementor-element-populated\">\n\t\t\t\t\t\t<div class=\"elementor-element elementor-element-824f2ff elementor-widget elementor-widget-spacer\" data-id=\"824f2ff\" data-element_type=\"widget\" data-e-type=\"widget\" data-widget_type=\"spacer.default\">\n\t\t\t\t<div class=\"elementor-widget-container\">\n\t\t\t\t\t\t\t<div class=\"elementor-spacer\">\n\t\t\t<div class=\"elementor-spacer-inner\"><\/div>\n\t\t<\/div>\n\t\t\t\t\t\t<\/div>\n\t\t\t\t<\/div>\n\t\t\t\t\t<\/div>\n\t\t<\/div>\n\t\t\t\t\t<\/div>\n\t\t<\/section>\n\t\t\t\t<\/div>\n\t\t","protected":false},"excerpt":{"rendered":"<p>Assurance sur le Revenu E-Commerce Avec des outils certfi\u00e9s ainsi que 30 ann\u00e9es de technologie et de savoir-faire, Roscom applique activement ses connaissances dans l&rsquo;industrie du Commerce en Ligne \u00e0 travers une gamme de technologies. Nos outils ne n\u00e9cessitent que de simples donn\u00e9es commerciales de haut niveau pour une mise en \u0153uvre d&rsquo;Assurance sur le [&hellip;]<\/p>\n","protected":false},"author":4,"featured_media":24542,"parent":0,"menu_order":0,"comment_status":"closed","ping_status":"closed","template":"","meta":{"footnotes":""},"class_list":["post-12780","page","type-page","status-publish","has-post-thumbnail","hentry"],"yoast_head":"<!-- This site is optimized with the Yoast SEO plugin v27.0 - https:\/\/yoast.com\/product\/yoast-seo-wordpress\/ -->\n<title>Assurance sur le Revenu E-Commerce - Roscom<\/title>\n<meta name=\"description\" content=\"Il est essentiel que vous disposiez des connaissances et de l\u2019expertise n\u00e9cessaires pour cr\u00e9er des sc\u00e9narios de tests appropri\u00e9s afin de valider la pr\u00e9cision requise.\" \/>\n<meta name=\"robots\" content=\"index, follow, max-snippet:-1, max-image-preview:large, max-video-preview:-1\" \/>\n<link rel=\"canonical\" href=\"https:\/\/www.roscom.co.uk\/fr\/assurance-du-revenu-e-commerce\/\" \/>\n<meta property=\"og:locale\" content=\"fr_FR\" \/>\n<meta property=\"og:type\" content=\"article\" \/>\n<meta property=\"og:title\" content=\"Assurance sur le Revenu E-Commerce - Roscom\" \/>\n<meta property=\"og:description\" content=\"Il est essentiel que vous disposiez des connaissances et de l\u2019expertise n\u00e9cessaires pour cr\u00e9er des sc\u00e9narios de tests appropri\u00e9s afin de valider la pr\u00e9cision requise.\" \/>\n<meta property=\"og:url\" content=\"https:\/\/www.roscom.co.uk\/fr\/assurance-du-revenu-e-commerce\/\" \/>\n<meta property=\"og:site_name\" content=\"Roscom\" \/>\n<meta property=\"article:modified_time\" content=\"2024-01-03T09:37:00+00:00\" \/>\n<meta property=\"og:image\" content=\"http:\/\/www.roscom.co.uk\/wp-content\/uploads\/Online-Sales-Promotions_S.webp\" \/>\n\t<meta property=\"og:image:width\" content=\"1254\" \/>\n\t<meta property=\"og:image:height\" content=\"836\" \/>\n\t<meta property=\"og:image:type\" content=\"image\/webp\" \/>\n<meta name=\"twitter:card\" content=\"summary_large_image\" \/>\n<meta name=\"twitter:label1\" content=\"Dur\u00e9e de lecture estim\u00e9e\" \/>\n\t<meta name=\"twitter:data1\" content=\"2 minutes\" \/>\n<script type=\"application\/ld+json\" class=\"yoast-schema-graph\">{\"@context\":\"https:\/\/schema.org\",\"@graph\":[{\"@type\":\"WebPage\",\"@id\":\"https:\/\/www.roscom.co.uk\/fr\/assurance-du-revenu-e-commerce\/\",\"url\":\"https:\/\/www.roscom.co.uk\/fr\/assurance-du-revenu-e-commerce\/\",\"name\":\"Assurance sur le Revenu E-Commerce - Roscom\",\"isPartOf\":{\"@id\":\"https:\/\/www.roscom.co.uk\/#website\"},\"primaryImageOfPage\":{\"@id\":\"https:\/\/www.roscom.co.uk\/fr\/assurance-du-revenu-e-commerce\/#primaryimage\"},\"image\":{\"@id\":\"https:\/\/www.roscom.co.uk\/fr\/assurance-du-revenu-e-commerce\/#primaryimage\"},\"thumbnailUrl\":\"https:\/\/www.roscom.co.uk\/wp-content\/uploads\/Online-Sales-Promotions_S.webp\",\"datePublished\":\"2021-03-31T14:09:49+00:00\",\"dateModified\":\"2024-01-03T09:37:00+00:00\",\"description\":\"Il est essentiel que vous disposiez des connaissances et de l\u2019expertise n\u00e9cessaires pour cr\u00e9er des sc\u00e9narios de tests appropri\u00e9s afin de valider la pr\u00e9cision requise.\",\"breadcrumb\":{\"@id\":\"https:\/\/www.roscom.co.uk\/fr\/assurance-du-revenu-e-commerce\/#breadcrumb\"},\"inLanguage\":\"fr-FR\",\"potentialAction\":[{\"@type\":\"ReadAction\",\"target\":[\"https:\/\/www.roscom.co.uk\/fr\/assurance-du-revenu-e-commerce\/\"]}]},{\"@type\":\"ImageObject\",\"inLanguage\":\"fr-FR\",\"@id\":\"https:\/\/www.roscom.co.uk\/fr\/assurance-du-revenu-e-commerce\/#primaryimage\",\"url\":\"https:\/\/www.roscom.co.uk\/wp-content\/uploads\/Online-Sales-Promotions_S.webp\",\"contentUrl\":\"https:\/\/www.roscom.co.uk\/wp-content\/uploads\/Online-Sales-Promotions_S.webp\",\"width\":1254,\"height\":836,\"caption\":\"eCommerce Revenue Assurance - Roscom\"},{\"@type\":\"BreadcrumbList\",\"@id\":\"https:\/\/www.roscom.co.uk\/fr\/assurance-du-revenu-e-commerce\/#breadcrumb\",\"itemListElement\":[{\"@type\":\"ListItem\",\"position\":1,\"name\":\"Accueil\",\"item\":\"https:\/\/www.roscom.co.uk\/fr\/\"},{\"@type\":\"ListItem\",\"position\":2,\"name\":\"Assurance sur le Revenu E-Commerce\"}]},{\"@type\":\"WebSite\",\"@id\":\"https:\/\/www.roscom.co.uk\/#website\",\"url\":\"https:\/\/www.roscom.co.uk\/\",\"name\":\"Roscom\",\"description\":\"Compliance Risk and Business Assurance\",\"publisher\":{\"@id\":\"https:\/\/www.roscom.co.uk\/#organization\"},\"potentialAction\":[{\"@type\":\"SearchAction\",\"target\":{\"@type\":\"EntryPoint\",\"urlTemplate\":\"https:\/\/www.roscom.co.uk\/?s={search_term_string}\"},\"query-input\":{\"@type\":\"PropertyValueSpecification\",\"valueRequired\":true,\"valueName\":\"search_term_string\"}}],\"inLanguage\":\"fr-FR\"},{\"@type\":\"Organization\",\"@id\":\"https:\/\/www.roscom.co.uk\/#organization\",\"name\":\"Roscom\",\"url\":\"https:\/\/www.roscom.co.uk\/\",\"logo\":{\"@type\":\"ImageObject\",\"inLanguage\":\"fr-FR\",\"@id\":\"https:\/\/www.roscom.co.uk\/#\/schema\/logo\/image\/\",\"url\":\"https:\/\/www.roscom.co.uk\/wp-content\/uploads\/Roscom-logo.png\",\"contentUrl\":\"https:\/\/www.roscom.co.uk\/wp-content\/uploads\/Roscom-logo.png\",\"width\":682,\"height\":124,\"caption\":\"Roscom\"},\"image\":{\"@id\":\"https:\/\/www.roscom.co.uk\/#\/schema\/logo\/image\/\"}}]}<\/script>\n<!-- \/ Yoast SEO plugin. -->","yoast_head_json":{"title":"Assurance sur le Revenu E-Commerce - Roscom","description":"Il est essentiel que vous disposiez des connaissances et de l\u2019expertise n\u00e9cessaires pour cr\u00e9er des sc\u00e9narios de tests appropri\u00e9s afin de valider la pr\u00e9cision requise.","robots":{"index":"index","follow":"follow","max-snippet":"max-snippet:-1","max-image-preview":"max-image-preview:large","max-video-preview":"max-video-preview:-1"},"canonical":"https:\/\/www.roscom.co.uk\/fr\/assurance-du-revenu-e-commerce\/","og_locale":"fr_FR","og_type":"article","og_title":"Assurance sur le Revenu E-Commerce - Roscom","og_description":"Il est essentiel que vous disposiez des connaissances et de l\u2019expertise n\u00e9cessaires pour cr\u00e9er des sc\u00e9narios de tests appropri\u00e9s afin de valider la pr\u00e9cision requise.","og_url":"https:\/\/www.roscom.co.uk\/fr\/assurance-du-revenu-e-commerce\/","og_site_name":"Roscom","article_modified_time":"2024-01-03T09:37:00+00:00","og_image":[{"width":1254,"height":836,"url":"http:\/\/www.roscom.co.uk\/wp-content\/uploads\/Online-Sales-Promotions_S.webp","type":"image\/webp"}],"twitter_card":"summary_large_image","twitter_misc":{"Dur\u00e9e de lecture estim\u00e9e":"2 minutes"},"schema":{"@context":"https:\/\/schema.org","@graph":[{"@type":"WebPage","@id":"https:\/\/www.roscom.co.uk\/fr\/assurance-du-revenu-e-commerce\/","url":"https:\/\/www.roscom.co.uk\/fr\/assurance-du-revenu-e-commerce\/","name":"Assurance sur le Revenu E-Commerce - Roscom","isPartOf":{"@id":"https:\/\/www.roscom.co.uk\/#website"},"primaryImageOfPage":{"@id":"https:\/\/www.roscom.co.uk\/fr\/assurance-du-revenu-e-commerce\/#primaryimage"},"image":{"@id":"https:\/\/www.roscom.co.uk\/fr\/assurance-du-revenu-e-commerce\/#primaryimage"},"thumbnailUrl":"https:\/\/www.roscom.co.uk\/wp-content\/uploads\/Online-Sales-Promotions_S.webp","datePublished":"2021-03-31T14:09:49+00:00","dateModified":"2024-01-03T09:37:00+00:00","description":"Il est essentiel que vous disposiez des connaissances et de l\u2019expertise n\u00e9cessaires pour cr\u00e9er des sc\u00e9narios de tests appropri\u00e9s afin de valider la pr\u00e9cision requise.","breadcrumb":{"@id":"https:\/\/www.roscom.co.uk\/fr\/assurance-du-revenu-e-commerce\/#breadcrumb"},"inLanguage":"fr-FR","potentialAction":[{"@type":"ReadAction","target":["https:\/\/www.roscom.co.uk\/fr\/assurance-du-revenu-e-commerce\/"]}]},{"@type":"ImageObject","inLanguage":"fr-FR","@id":"https:\/\/www.roscom.co.uk\/fr\/assurance-du-revenu-e-commerce\/#primaryimage","url":"https:\/\/www.roscom.co.uk\/wp-content\/uploads\/Online-Sales-Promotions_S.webp","contentUrl":"https:\/\/www.roscom.co.uk\/wp-content\/uploads\/Online-Sales-Promotions_S.webp","width":1254,"height":836,"caption":"eCommerce Revenue Assurance - Roscom"},{"@type":"BreadcrumbList","@id":"https:\/\/www.roscom.co.uk\/fr\/assurance-du-revenu-e-commerce\/#breadcrumb","itemListElement":[{"@type":"ListItem","position":1,"name":"Accueil","item":"https:\/\/www.roscom.co.uk\/fr\/"},{"@type":"ListItem","position":2,"name":"Assurance sur le Revenu E-Commerce"}]},{"@type":"WebSite","@id":"https:\/\/www.roscom.co.uk\/#website","url":"https:\/\/www.roscom.co.uk\/","name":"Roscom","description":"Compliance Risk and Business Assurance","publisher":{"@id":"https:\/\/www.roscom.co.uk\/#organization"},"potentialAction":[{"@type":"SearchAction","target":{"@type":"EntryPoint","urlTemplate":"https:\/\/www.roscom.co.uk\/?s={search_term_string}"},"query-input":{"@type":"PropertyValueSpecification","valueRequired":true,"valueName":"search_term_string"}}],"inLanguage":"fr-FR"},{"@type":"Organization","@id":"https:\/\/www.roscom.co.uk\/#organization","name":"Roscom","url":"https:\/\/www.roscom.co.uk\/","logo":{"@type":"ImageObject","inLanguage":"fr-FR","@id":"https:\/\/www.roscom.co.uk\/#\/schema\/logo\/image\/","url":"https:\/\/www.roscom.co.uk\/wp-content\/uploads\/Roscom-logo.png","contentUrl":"https:\/\/www.roscom.co.uk\/wp-content\/uploads\/Roscom-logo.png","width":682,"height":124,"caption":"Roscom"},"image":{"@id":"https:\/\/www.roscom.co.uk\/#\/schema\/logo\/image\/"}}]}},"_links":{"self":[{"href":"https:\/\/www.roscom.co.uk\/fr\/wp-json\/wp\/v2\/pages\/12780","targetHints":{"allow":["GET"]}}],"collection":[{"href":"https:\/\/www.roscom.co.uk\/fr\/wp-json\/wp\/v2\/pages"}],"about":[{"href":"https:\/\/www.roscom.co.uk\/fr\/wp-json\/wp\/v2\/types\/page"}],"author":[{"embeddable":true,"href":"https:\/\/www.roscom.co.uk\/fr\/wp-json\/wp\/v2\/users\/4"}],"replies":[{"embeddable":true,"href":"https:\/\/www.roscom.co.uk\/fr\/wp-json\/wp\/v2\/comments?post=12780"}],"version-history":[{"count":10,"href":"https:\/\/www.roscom.co.uk\/fr\/wp-json\/wp\/v2\/pages\/12780\/revisions"}],"predecessor-version":[{"id":24563,"href":"https:\/\/www.roscom.co.uk\/fr\/wp-json\/wp\/v2\/pages\/12780\/revisions\/24563"}],"wp:featuredmedia":[{"embeddable":true,"href":"https:\/\/www.roscom.co.uk\/fr\/wp-json\/wp\/v2\/media\/24542"}],"wp:attachment":[{"href":"https:\/\/www.roscom.co.uk\/fr\/wp-json\/wp\/v2\/media?parent=12780"}],"curies":[{"name":"wp","href":"https:\/\/api.w.org\/{rel}","templated":true}]}}