{"id":12799,"date":"2021-03-31T16:58:11","date_gmt":"2021-03-31T15:58:11","guid":{"rendered":"https:\/\/www.roscom.co.uk\/gestion-de-la-fraude-e-commerce\/"},"modified":"2023-01-12T11:12:36","modified_gmt":"2023-01-12T11:12:36","slug":"gestion-de-la-fraude-e-commerce","status":"publish","type":"page","link":"https:\/\/www.roscom.co.uk\/fr\/gestion-de-la-fraude-e-commerce\/","title":{"rendered":"Gestion de la Fraude E-Commerce"},"content":{"rendered":"\t\t<div data-elementor-type=\"wp-page\" data-elementor-id=\"12799\" class=\"elementor elementor-12799 elementor-12263\" data-elementor-post-type=\"page\">\n\t\t\t\t\t\t<section class=\"elementor-section elementor-top-section elementor-element elementor-element-4db5dbf elementor-section-boxed elementor-section-height-default elementor-section-height-default\" data-id=\"4db5dbf\" data-element_type=\"section\" data-e-type=\"section\">\n\t\t\t\t\t\t<div class=\"elementor-container elementor-column-gap-default\">\n\t\t\t\t\t<div class=\"elementor-column elementor-col-100 elementor-top-column elementor-element elementor-element-55a02c7\" data-id=\"55a02c7\" data-element_type=\"column\" data-e-type=\"column\">\n\t\t\t<div class=\"elementor-widget-wrap elementor-element-populated\">\n\t\t\t\t\t\t<div class=\"elementor-element elementor-element-4e853ca elementor-widget elementor-widget-spacer\" data-id=\"4e853ca\" data-element_type=\"widget\" data-e-type=\"widget\" data-widget_type=\"spacer.default\">\n\t\t\t\t<div class=\"elementor-widget-container\">\n\t\t\t\t\t\t\t<div class=\"elementor-spacer\">\n\t\t\t<div class=\"elementor-spacer-inner\"><\/div>\n\t\t<\/div>\n\t\t\t\t\t\t<\/div>\n\t\t\t\t<\/div>\n\t\t\t\t\t<\/div>\n\t\t<\/div>\n\t\t\t\t\t<\/div>\n\t\t<\/section>\n\t\t\t\t<section class=\"elementor-section elementor-top-section elementor-element elementor-element-ac0b28f elementor-section-boxed elementor-section-height-default elementor-section-height-default\" data-id=\"ac0b28f\" data-element_type=\"section\" data-e-type=\"section\">\n\t\t\t\t\t\t<div class=\"elementor-container elementor-column-gap-default\">\n\t\t\t\t\t<div class=\"elementor-column elementor-col-100 elementor-top-column elementor-element elementor-element-ac42af1\" data-id=\"ac42af1\" data-element_type=\"column\" data-e-type=\"column\">\n\t\t\t<div class=\"elementor-widget-wrap elementor-element-populated\">\n\t\t\t\t\t\t<div class=\"elementor-element elementor-element-73393ae elementor-widget elementor-widget-spacer\" data-id=\"73393ae\" data-element_type=\"widget\" data-e-type=\"widget\" data-widget_type=\"spacer.default\">\n\t\t\t\t<div class=\"elementor-widget-container\">\n\t\t\t\t\t\t\t<div class=\"elementor-spacer\">\n\t\t\t<div class=\"elementor-spacer-inner\"><\/div>\n\t\t<\/div>\n\t\t\t\t\t\t<\/div>\n\t\t\t\t<\/div>\n\t\t\t\t<div class=\"elementor-element elementor-element-24150df elementor-widget elementor-widget-heading\" data-id=\"24150df\" data-element_type=\"widget\" data-e-type=\"widget\" data-widget_type=\"heading.default\">\n\t\t\t\t<div class=\"elementor-widget-container\">\n\t\t\t\t\t<h1 class=\"elementor-heading-title elementor-size-xl\">Gestion des Contr\u00f4les de Fraude E-Commerce<\/h1>\t\t\t\t<\/div>\n\t\t\t\t<\/div>\n\t\t\t\t<div class=\"elementor-element elementor-element-7a21545 elementor-widget elementor-widget-spacer\" data-id=\"7a21545\" data-element_type=\"widget\" data-e-type=\"widget\" data-widget_type=\"spacer.default\">\n\t\t\t\t<div class=\"elementor-widget-container\">\n\t\t\t\t\t\t\t<div class=\"elementor-spacer\">\n\t\t\t<div class=\"elementor-spacer-inner\"><\/div>\n\t\t<\/div>\n\t\t\t\t\t\t<\/div>\n\t\t\t\t<\/div>\n\t\t\t\t\t<\/div>\n\t\t<\/div>\n\t\t\t\t\t<\/div>\n\t\t<\/section>\n\t\t\t\t<section class=\"elementor-section elementor-top-section elementor-element elementor-element-8bf5a8f elementor-section-boxed elementor-section-height-default elementor-section-height-default\" data-id=\"8bf5a8f\" data-element_type=\"section\" data-e-type=\"section\">\n\t\t\t\t\t\t<div class=\"elementor-container elementor-column-gap-default\">\n\t\t\t\t\t<div class=\"elementor-column elementor-col-50 elementor-top-column elementor-element elementor-element-ee96dec\" data-id=\"ee96dec\" data-element_type=\"column\" data-e-type=\"column\">\n\t\t\t<div class=\"elementor-widget-wrap elementor-element-populated\">\n\t\t\t\t\t\t<div class=\"elementor-element elementor-element-7cd227f elementor-widget elementor-widget-text-editor\" data-id=\"7cd227f\" data-element_type=\"widget\" data-e-type=\"widget\" data-widget_type=\"text-editor.default\">\n\t\t\t\t<div class=\"elementor-widget-container\">\n\t\t\t\t\t\t\t\t\t<p>Nous pouvons d\u00e9ployer notre gamme de produits en tant que solution anti-fraude prise en charge par nos experts dans ce domaine, soit dans le cadre d&rsquo;un d\u00e9ploiement d\u2019Assurance sur le Revenu (RA), de solution de Gestion des Risques et Contr\u00f4les, ou soit encore simplement pour cibler les activit\u00e9s de fraude en tant que solution de D\u00e9tection de Fraude autonome. Nous pouvons fournir une \u00e9tude de susceptibilit\u00e9 \u00e0 la fraude externe pour vous aider \u00e0 \u00e9valuer la vuln\u00e9rabilit\u00e9 de votre entreprise face aux attaques frauduleuses et pour vous aider \u00e0 \u00e9laborer des analyses de rentabilisation.<\/p><p>Soit de mani\u00e8re autonome, soit dans le cadre d&rsquo;un d\u00e9ploiement RA pour les fraudes externes provenant des risques de nouveaux clients qui peuvent \u00eatre: fausse adresse, identit\u00e9s artificielles, abus et utilisations abusives de cartes de cr\u00e9dit et de solvabilit\u00e9. Notre solution utilise des pratiques qui sont de norme dans d&rsquo;autres industries pour cibler la fraude afin qu&rsquo;elle soit \u00e9limin\u00e9e dans votre d\u00e9ploiement de Commerce en Ligne tout en ne n\u00e9cessitant rien de plus que votre coop\u00e9ration et les sources de donn\u00e9es de vos plateformes commerciales.<\/p><p>Les fraudes plus profondes peuvent \u00eatre contr\u00f4l\u00e9es gr\u00e2ce \u00e0 des d\u00e9ploiements de risques et de contr\u00f4les et leur gestion con\u00e7ue comme des contr\u00f4les sp\u00e9cifiques pour les emplacements de stock, les d\u00e9classements et les renvois de produits pour \u00e9liminer les risques de fraude sur les stocks. Cela peut \u00e9galement \u00eatre utilis\u00e9 pour cibler l&rsquo;\u00e9limination d&rsquo;un ensemble de fraudes internes et de fraudes de fournisseur allant de la vente de produits \u00e0 prix r\u00e9duit \u00e0 des amis et \u00e0 la famille jusqu\u2019\u00e0 de fausses notes de r\u00e9ception de marchandises. Simplement en indiquant de mani\u00e8re claire que la d\u00e9tection de fraude est int\u00e9gr\u00e9e \u00e0 votre entreprise, vous pouvez dormir plus tranquillement et savoir que vous faites ce que font tous les grands vendeurs pour \u00e9viter la fraude, dans votre entreprise ou sur votre plateforme.<\/p>\t\t\t\t\t\t\t\t<\/div>\n\t\t\t\t<\/div>\n\t\t\t\t<div class=\"elementor-element elementor-element-5d1d269 elementor-widget elementor-widget-spacer\" data-id=\"5d1d269\" data-element_type=\"widget\" data-e-type=\"widget\" data-widget_type=\"spacer.default\">\n\t\t\t\t<div class=\"elementor-widget-container\">\n\t\t\t\t\t\t\t<div class=\"elementor-spacer\">\n\t\t\t<div class=\"elementor-spacer-inner\"><\/div>\n\t\t<\/div>\n\t\t\t\t\t\t<\/div>\n\t\t\t\t<\/div>\n\t\t\t\t\t<\/div>\n\t\t<\/div>\n\t\t\t\t<div class=\"elementor-column elementor-col-50 elementor-top-column elementor-element elementor-element-bc9ac7b\" data-id=\"bc9ac7b\" data-element_type=\"column\" data-e-type=\"column\">\n\t\t\t<div class=\"elementor-widget-wrap elementor-element-populated\">\n\t\t\t\t\t\t<div class=\"elementor-element elementor-element-d3e70f0 elementor-widget elementor-widget-image\" data-id=\"d3e70f0\" data-element_type=\"widget\" data-e-type=\"widget\" data-widget_type=\"image.default\">\n\t\t\t\t<div class=\"elementor-widget-container\">\n\t\t\t\t\t\t\t\t\t\t\t\t\t\t\t<img fetchpriority=\"high\" decoding=\"async\" width=\"1920\" height=\"1080\" src=\"https:\/\/www.roscom.co.uk\/wp-content\/uploads\/Shopping-Using-a-Tablet.jpg\" class=\"attachment-full size-full wp-image-12270\" alt=\"Man shopping on a tablet\" srcset=\"https:\/\/www.roscom.co.uk\/wp-content\/uploads\/Shopping-Using-a-Tablet.jpg 1920w, https:\/\/www.roscom.co.uk\/wp-content\/uploads\/Shopping-Using-a-Tablet-300x169.jpg 300w, https:\/\/www.roscom.co.uk\/wp-content\/uploads\/Shopping-Using-a-Tablet-1024x576.jpg 1024w, https:\/\/www.roscom.co.uk\/wp-content\/uploads\/Shopping-Using-a-Tablet-768x432.jpg 768w, https:\/\/www.roscom.co.uk\/wp-content\/uploads\/Shopping-Using-a-Tablet-1536x864.jpg 1536w\" sizes=\"(max-width: 1920px) 100vw, 1920px\" \/>\t\t\t\t\t\t\t\t\t\t\t\t\t\t\t<\/div>\n\t\t\t\t<\/div>\n\t\t\t\t<div class=\"elementor-element elementor-element-f544f09 elementor-icon-list--layout-traditional elementor-list-item-link-full_width elementor-widget elementor-widget-icon-list\" data-id=\"f544f09\" data-element_type=\"widget\" data-e-type=\"widget\" data-widget_type=\"icon-list.default\">\n\t\t\t\t<div class=\"elementor-widget-container\">\n\t\t\t\t\t\t\t<ul class=\"elementor-icon-list-items\">\n\t\t\t\t\t\t\t<li class=\"elementor-icon-list-item\">\n\t\t\t\t\t\t\t\t\t\t\t<span class=\"elementor-icon-list-icon\">\n\t\t\t\t\t\t\t<svg aria-hidden=\"true\" class=\"e-font-icon-svg e-far-question-circle\" viewBox=\"0 0 512 512\" xmlns=\"http:\/\/www.w3.org\/2000\/svg\"><path d=\"M256 8C119.043 8 8 119.083 8 256c0 136.997 111.043 248 248 248s248-111.003 248-248C504 119.083 392.957 8 256 8zm0 448c-110.532 0-200-89.431-200-200 0-110.495 89.472-200 200-200 110.491 0 200 89.471 200 200 0 110.53-89.431 200-200 200zm107.244-255.2c0 67.052-72.421 68.084-72.421 92.863V300c0 6.627-5.373 12-12 12h-45.647c-6.627 0-12-5.373-12-12v-8.659c0-35.745 27.1-50.034 47.579-61.516 17.561-9.845 28.324-16.541 28.324-29.579 0-17.246-21.999-28.693-39.784-28.693-23.189 0-33.894 10.977-48.942 29.969-4.057 5.12-11.46 6.071-16.666 2.124l-27.824-21.098c-5.107-3.872-6.251-11.066-2.644-16.363C184.846 131.491 214.94 112 261.794 112c49.071 0 101.45 38.304 101.45 88.8zM298 368c0 23.159-18.841 42-42 42s-42-18.841-42-42 18.841-42 42-42 42 18.841 42 42z\"><\/path><\/svg>\t\t\t\t\t\t<\/span>\n\t\t\t\t\t\t\t\t\t\t<span class=\"elementor-icon-list-text\">Validez-vous que les nouveaux clients sont vraiment ce qu'ils pr\u00e9tendent \u00eatre?<\/span>\n\t\t\t\t\t\t\t\t\t<\/li>\n\t\t\t\t\t\t\t\t<li class=\"elementor-icon-list-item\">\n\t\t\t\t\t\t\t\t\t\t\t<span class=\"elementor-icon-list-icon\">\n\t\t\t\t\t\t\t<svg aria-hidden=\"true\" class=\"e-font-icon-svg e-far-question-circle\" viewBox=\"0 0 512 512\" xmlns=\"http:\/\/www.w3.org\/2000\/svg\"><path d=\"M256 8C119.043 8 8 119.083 8 256c0 136.997 111.043 248 248 248s248-111.003 248-248C504 119.083 392.957 8 256 8zm0 448c-110.532 0-200-89.431-200-200 0-110.495 89.472-200 200-200 110.491 0 200 89.471 200 200 0 110.53-89.431 200-200 200zm107.244-255.2c0 67.052-72.421 68.084-72.421 92.863V300c0 6.627-5.373 12-12 12h-45.647c-6.627 0-12-5.373-12-12v-8.659c0-35.745 27.1-50.034 47.579-61.516 17.561-9.845 28.324-16.541 28.324-29.579 0-17.246-21.999-28.693-39.784-28.693-23.189 0-33.894 10.977-48.942 29.969-4.057 5.12-11.46 6.071-16.666 2.124l-27.824-21.098c-5.107-3.872-6.251-11.066-2.644-16.363C184.846 131.491 214.94 112 261.794 112c49.071 0 101.45 38.304 101.45 88.8zM298 368c0 23.159-18.841 42-42 42s-42-18.841-42-42 18.841-42 42-42 42 18.841 42 42z\"><\/path><\/svg>\t\t\t\t\t\t<\/span>\n\t\t\t\t\t\t\t\t\t\t<span class=\"elementor-icon-list-text\">Vos registres de stocks concordent-ils avec vos articles factur\u00e9s?<\/span>\n\t\t\t\t\t\t\t\t\t<\/li>\n\t\t\t\t\t\t\t\t<li class=\"elementor-icon-list-item\">\n\t\t\t\t\t\t\t\t\t\t\t<span class=\"elementor-icon-list-icon\">\n\t\t\t\t\t\t\t<svg aria-hidden=\"true\" class=\"e-font-icon-svg e-far-question-circle\" viewBox=\"0 0 512 512\" xmlns=\"http:\/\/www.w3.org\/2000\/svg\"><path d=\"M256 8C119.043 8 8 119.083 8 256c0 136.997 111.043 248 248 248s248-111.003 248-248C504 119.083 392.957 8 256 8zm0 448c-110.532 0-200-89.431-200-200 0-110.495 89.472-200 200-200 110.491 0 200 89.471 200 200 0 110.53-89.431 200-200 200zm107.244-255.2c0 67.052-72.421 68.084-72.421 92.863V300c0 6.627-5.373 12-12 12h-45.647c-6.627 0-12-5.373-12-12v-8.659c0-35.745 27.1-50.034 47.579-61.516 17.561-9.845 28.324-16.541 28.324-29.579 0-17.246-21.999-28.693-39.784-28.693-23.189 0-33.894 10.977-48.942 29.969-4.057 5.12-11.46 6.071-16.666 2.124l-27.824-21.098c-5.107-3.872-6.251-11.066-2.644-16.363C184.846 131.491 214.94 112 261.794 112c49.071 0 101.45 38.304 101.45 88.8zM298 368c0 23.159-18.841 42-42 42s-42-18.841-42-42 18.841-42 42-42 42 18.841 42 42z\"><\/path><\/svg>\t\t\t\t\t\t<\/span>\n\t\t\t\t\t\t\t\t\t\t<span class=\"elementor-icon-list-text\">Pouvez-vous \u00eatre s\u00fbr que vos fournisseurs ne surfacturent pas par collusion?<\/span>\n\t\t\t\t\t\t\t\t\t<\/li>\n\t\t\t\t\t\t<\/ul>\n\t\t\t\t\t\t<\/div>\n\t\t\t\t<\/div>\n\t\t\t\t<div class=\"elementor-element elementor-element-32b150a elementor-align-right elementor-widget elementor-widget-button\" data-id=\"32b150a\" data-element_type=\"widget\" data-e-type=\"widget\" data-widget_type=\"button.default\">\n\t\t\t\t<div class=\"elementor-widget-container\">\n\t\t\t\t\t\t\t\t\t<div class=\"elementor-button-wrapper\">\n\t\t\t\t\t<a class=\"elementor-button elementor-button-link elementor-size-sm\" href=\"https:\/\/www.roscom.co.uk\/fr\/contactez-nous\/\">\n\t\t\t\t\t\t<span class=\"elementor-button-content-wrapper\">\n\t\t\t\t\t\t\t\t\t<span class=\"elementor-button-text\">CONTACTEZ-NOUS<\/span>\n\t\t\t\t\t<\/span>\n\t\t\t\t\t<\/a>\n\t\t\t\t<\/div>\n\t\t\t\t\t\t\t\t<\/div>\n\t\t\t\t<\/div>\n\t\t\t\t\t<\/div>\n\t\t<\/div>\n\t\t\t\t\t<\/div>\n\t\t<\/section>\n\t\t\t\t<section class=\"elementor-section elementor-top-section elementor-element elementor-element-33ae68b elementor-section-boxed elementor-section-height-default elementor-section-height-default\" data-id=\"33ae68b\" data-element_type=\"section\" data-e-type=\"section\">\n\t\t\t\t\t\t<div class=\"elementor-container elementor-column-gap-default\">\n\t\t\t\t\t<div class=\"elementor-column elementor-col-100 elementor-top-column elementor-element elementor-element-9b7eb53\" data-id=\"9b7eb53\" data-element_type=\"column\" data-e-type=\"column\">\n\t\t\t<div class=\"elementor-widget-wrap elementor-element-populated\">\n\t\t\t\t\t\t<div class=\"elementor-element elementor-element-5d7a03e elementor-widget elementor-widget-spacer\" data-id=\"5d7a03e\" data-element_type=\"widget\" data-e-type=\"widget\" data-widget_type=\"spacer.default\">\n\t\t\t\t<div class=\"elementor-widget-container\">\n\t\t\t\t\t\t\t<div class=\"elementor-spacer\">\n\t\t\t<div class=\"elementor-spacer-inner\"><\/div>\n\t\t<\/div>\n\t\t\t\t\t\t<\/div>\n\t\t\t\t<\/div>\n\t\t\t\t\t<\/div>\n\t\t<\/div>\n\t\t\t\t\t<\/div>\n\t\t<\/section>\n\t\t\t\t<\/div>\n\t\t","protected":false},"excerpt":{"rendered":"<p>Gestion des Contr\u00f4les de Fraude E-Commerce Nous pouvons d\u00e9ployer notre gamme de produits en tant que solution anti-fraude prise en charge par nos experts dans ce domaine, soit dans le cadre d&rsquo;un d\u00e9ploiement d\u2019Assurance sur le Revenu (RA), de solution de Gestion des Risques et Contr\u00f4les, ou soit encore simplement pour cibler les activit\u00e9s de [&hellip;]<\/p>\n","protected":false},"author":4,"featured_media":24613,"parent":0,"menu_order":0,"comment_status":"closed","ping_status":"closed","template":"","meta":{"footnotes":""},"class_list":["post-12799","page","type-page","status-publish","has-post-thumbnail","hentry"],"yoast_head":"<!-- This site is optimized with the Yoast SEO plugin v27.0 - https:\/\/yoast.com\/product\/yoast-seo-wordpress\/ -->\n<title>Gestion de la Fraude E-Commerce - Roscom<\/title>\n<meta name=\"description\" content=\"Nous pouvons d\u00e9ployer notre gamme de produits en tant que solution anti-fraude prise en charge par nos experts dans ce domaine.\" \/>\n<meta name=\"robots\" content=\"index, follow, max-snippet:-1, max-image-preview:large, max-video-preview:-1\" \/>\n<link rel=\"canonical\" href=\"https:\/\/www.roscom.co.uk\/fr\/gestion-de-la-fraude-e-commerce\/\" \/>\n<meta property=\"og:locale\" content=\"fr_FR\" \/>\n<meta property=\"og:type\" content=\"article\" \/>\n<meta property=\"og:title\" content=\"Gestion de la Fraude E-Commerce - Roscom\" \/>\n<meta property=\"og:description\" content=\"Nous pouvons d\u00e9ployer notre gamme de produits en tant que solution anti-fraude prise en charge par nos experts dans ce domaine.\" \/>\n<meta property=\"og:url\" content=\"https:\/\/www.roscom.co.uk\/fr\/gestion-de-la-fraude-e-commerce\/\" \/>\n<meta property=\"og:site_name\" content=\"Roscom\" \/>\n<meta property=\"article:modified_time\" content=\"2023-01-12T11:12:36+00:00\" \/>\n<meta property=\"og:image\" content=\"https:\/\/roscom.co.uk\/wp-content\/uploads\/Shopping-Using-a-Tablet.jpg\" \/>\n<meta name=\"twitter:card\" content=\"summary_large_image\" \/>\n<meta name=\"twitter:label1\" content=\"Dur\u00e9e de lecture estim\u00e9e\" \/>\n\t<meta name=\"twitter:data1\" content=\"2 minutes\" \/>\n<script type=\"application\/ld+json\" class=\"yoast-schema-graph\">{\"@context\":\"https:\/\/schema.org\",\"@graph\":[{\"@type\":\"WebPage\",\"@id\":\"https:\/\/www.roscom.co.uk\/fr\/gestion-de-la-fraude-e-commerce\/\",\"url\":\"https:\/\/www.roscom.co.uk\/fr\/gestion-de-la-fraude-e-commerce\/\",\"name\":\"Gestion de la Fraude E-Commerce - Roscom\",\"isPartOf\":{\"@id\":\"https:\/\/www.roscom.co.uk\/#website\"},\"primaryImageOfPage\":{\"@id\":\"https:\/\/www.roscom.co.uk\/fr\/gestion-de-la-fraude-e-commerce\/#primaryimage\"},\"image\":{\"@id\":\"https:\/\/www.roscom.co.uk\/fr\/gestion-de-la-fraude-e-commerce\/#primaryimage\"},\"thumbnailUrl\":\"https:\/\/www.roscom.co.uk\/wp-content\/uploads\/Shopping-Using-a-Tablet.webp\",\"datePublished\":\"2021-03-31T15:58:11+00:00\",\"dateModified\":\"2023-01-12T11:12:36+00:00\",\"description\":\"Nous pouvons d\u00e9ployer notre gamme de produits en tant que solution anti-fraude prise en charge par nos experts dans ce domaine.\",\"breadcrumb\":{\"@id\":\"https:\/\/www.roscom.co.uk\/fr\/gestion-de-la-fraude-e-commerce\/#breadcrumb\"},\"inLanguage\":\"fr-FR\",\"potentialAction\":[{\"@type\":\"ReadAction\",\"target\":[\"https:\/\/www.roscom.co.uk\/fr\/gestion-de-la-fraude-e-commerce\/\"]}]},{\"@type\":\"ImageObject\",\"inLanguage\":\"fr-FR\",\"@id\":\"https:\/\/www.roscom.co.uk\/fr\/gestion-de-la-fraude-e-commerce\/#primaryimage\",\"url\":\"https:\/\/www.roscom.co.uk\/wp-content\/uploads\/Shopping-Using-a-Tablet.webp\",\"contentUrl\":\"https:\/\/www.roscom.co.uk\/wp-content\/uploads\/Shopping-Using-a-Tablet.webp\",\"width\":1920,\"height\":1080,\"caption\":\"eCommerce Fraud Management - Roscom\"},{\"@type\":\"BreadcrumbList\",\"@id\":\"https:\/\/www.roscom.co.uk\/fr\/gestion-de-la-fraude-e-commerce\/#breadcrumb\",\"itemListElement\":[{\"@type\":\"ListItem\",\"position\":1,\"name\":\"Accueil\",\"item\":\"https:\/\/www.roscom.co.uk\/fr\/\"},{\"@type\":\"ListItem\",\"position\":2,\"name\":\"Gestion de la Fraude E-Commerce\"}]},{\"@type\":\"WebSite\",\"@id\":\"https:\/\/www.roscom.co.uk\/#website\",\"url\":\"https:\/\/www.roscom.co.uk\/\",\"name\":\"Roscom\",\"description\":\"Compliance Risk and Business Assurance\",\"publisher\":{\"@id\":\"https:\/\/www.roscom.co.uk\/#organization\"},\"potentialAction\":[{\"@type\":\"SearchAction\",\"target\":{\"@type\":\"EntryPoint\",\"urlTemplate\":\"https:\/\/www.roscom.co.uk\/?s={search_term_string}\"},\"query-input\":{\"@type\":\"PropertyValueSpecification\",\"valueRequired\":true,\"valueName\":\"search_term_string\"}}],\"inLanguage\":\"fr-FR\"},{\"@type\":\"Organization\",\"@id\":\"https:\/\/www.roscom.co.uk\/#organization\",\"name\":\"Roscom\",\"url\":\"https:\/\/www.roscom.co.uk\/\",\"logo\":{\"@type\":\"ImageObject\",\"inLanguage\":\"fr-FR\",\"@id\":\"https:\/\/www.roscom.co.uk\/#\/schema\/logo\/image\/\",\"url\":\"https:\/\/www.roscom.co.uk\/wp-content\/uploads\/Roscom-logo.png\",\"contentUrl\":\"https:\/\/www.roscom.co.uk\/wp-content\/uploads\/Roscom-logo.png\",\"width\":682,\"height\":124,\"caption\":\"Roscom\"},\"image\":{\"@id\":\"https:\/\/www.roscom.co.uk\/#\/schema\/logo\/image\/\"}}]}<\/script>\n<!-- \/ Yoast SEO plugin. -->","yoast_head_json":{"title":"Gestion de la Fraude E-Commerce - Roscom","description":"Nous pouvons d\u00e9ployer notre gamme de produits en tant que solution anti-fraude prise en charge par nos experts dans ce domaine.","robots":{"index":"index","follow":"follow","max-snippet":"max-snippet:-1","max-image-preview":"max-image-preview:large","max-video-preview":"max-video-preview:-1"},"canonical":"https:\/\/www.roscom.co.uk\/fr\/gestion-de-la-fraude-e-commerce\/","og_locale":"fr_FR","og_type":"article","og_title":"Gestion de la Fraude E-Commerce - Roscom","og_description":"Nous pouvons d\u00e9ployer notre gamme de produits en tant que solution anti-fraude prise en charge par nos experts dans ce domaine.","og_url":"https:\/\/www.roscom.co.uk\/fr\/gestion-de-la-fraude-e-commerce\/","og_site_name":"Roscom","article_modified_time":"2023-01-12T11:12:36+00:00","og_image":[{"url":"https:\/\/roscom.co.uk\/wp-content\/uploads\/Shopping-Using-a-Tablet.jpg","type":"","width":"","height":""}],"twitter_card":"summary_large_image","twitter_misc":{"Dur\u00e9e de lecture estim\u00e9e":"2 minutes"},"schema":{"@context":"https:\/\/schema.org","@graph":[{"@type":"WebPage","@id":"https:\/\/www.roscom.co.uk\/fr\/gestion-de-la-fraude-e-commerce\/","url":"https:\/\/www.roscom.co.uk\/fr\/gestion-de-la-fraude-e-commerce\/","name":"Gestion de la Fraude E-Commerce - Roscom","isPartOf":{"@id":"https:\/\/www.roscom.co.uk\/#website"},"primaryImageOfPage":{"@id":"https:\/\/www.roscom.co.uk\/fr\/gestion-de-la-fraude-e-commerce\/#primaryimage"},"image":{"@id":"https:\/\/www.roscom.co.uk\/fr\/gestion-de-la-fraude-e-commerce\/#primaryimage"},"thumbnailUrl":"https:\/\/www.roscom.co.uk\/wp-content\/uploads\/Shopping-Using-a-Tablet.webp","datePublished":"2021-03-31T15:58:11+00:00","dateModified":"2023-01-12T11:12:36+00:00","description":"Nous pouvons d\u00e9ployer notre gamme de produits en tant que solution anti-fraude prise en charge par nos experts dans ce domaine.","breadcrumb":{"@id":"https:\/\/www.roscom.co.uk\/fr\/gestion-de-la-fraude-e-commerce\/#breadcrumb"},"inLanguage":"fr-FR","potentialAction":[{"@type":"ReadAction","target":["https:\/\/www.roscom.co.uk\/fr\/gestion-de-la-fraude-e-commerce\/"]}]},{"@type":"ImageObject","inLanguage":"fr-FR","@id":"https:\/\/www.roscom.co.uk\/fr\/gestion-de-la-fraude-e-commerce\/#primaryimage","url":"https:\/\/www.roscom.co.uk\/wp-content\/uploads\/Shopping-Using-a-Tablet.webp","contentUrl":"https:\/\/www.roscom.co.uk\/wp-content\/uploads\/Shopping-Using-a-Tablet.webp","width":1920,"height":1080,"caption":"eCommerce Fraud Management - Roscom"},{"@type":"BreadcrumbList","@id":"https:\/\/www.roscom.co.uk\/fr\/gestion-de-la-fraude-e-commerce\/#breadcrumb","itemListElement":[{"@type":"ListItem","position":1,"name":"Accueil","item":"https:\/\/www.roscom.co.uk\/fr\/"},{"@type":"ListItem","position":2,"name":"Gestion de la Fraude E-Commerce"}]},{"@type":"WebSite","@id":"https:\/\/www.roscom.co.uk\/#website","url":"https:\/\/www.roscom.co.uk\/","name":"Roscom","description":"Compliance Risk and Business Assurance","publisher":{"@id":"https:\/\/www.roscom.co.uk\/#organization"},"potentialAction":[{"@type":"SearchAction","target":{"@type":"EntryPoint","urlTemplate":"https:\/\/www.roscom.co.uk\/?s={search_term_string}"},"query-input":{"@type":"PropertyValueSpecification","valueRequired":true,"valueName":"search_term_string"}}],"inLanguage":"fr-FR"},{"@type":"Organization","@id":"https:\/\/www.roscom.co.uk\/#organization","name":"Roscom","url":"https:\/\/www.roscom.co.uk\/","logo":{"@type":"ImageObject","inLanguage":"fr-FR","@id":"https:\/\/www.roscom.co.uk\/#\/schema\/logo\/image\/","url":"https:\/\/www.roscom.co.uk\/wp-content\/uploads\/Roscom-logo.png","contentUrl":"https:\/\/www.roscom.co.uk\/wp-content\/uploads\/Roscom-logo.png","width":682,"height":124,"caption":"Roscom"},"image":{"@id":"https:\/\/www.roscom.co.uk\/#\/schema\/logo\/image\/"}}]}},"_links":{"self":[{"href":"https:\/\/www.roscom.co.uk\/fr\/wp-json\/wp\/v2\/pages\/12799","targetHints":{"allow":["GET"]}}],"collection":[{"href":"https:\/\/www.roscom.co.uk\/fr\/wp-json\/wp\/v2\/pages"}],"about":[{"href":"https:\/\/www.roscom.co.uk\/fr\/wp-json\/wp\/v2\/types\/page"}],"author":[{"embeddable":true,"href":"https:\/\/www.roscom.co.uk\/fr\/wp-json\/wp\/v2\/users\/4"}],"replies":[{"embeddable":true,"href":"https:\/\/www.roscom.co.uk\/fr\/wp-json\/wp\/v2\/comments?post=12799"}],"version-history":[{"count":0,"href":"https:\/\/www.roscom.co.uk\/fr\/wp-json\/wp\/v2\/pages\/12799\/revisions"}],"wp:featuredmedia":[{"embeddable":true,"href":"https:\/\/www.roscom.co.uk\/fr\/wp-json\/wp\/v2\/media\/24613"}],"wp:attachment":[{"href":"https:\/\/www.roscom.co.uk\/fr\/wp-json\/wp\/v2\/media?parent=12799"}],"curies":[{"name":"wp","href":"https:\/\/api.w.org\/{rel}","templated":true}]}}