{"id":12813,"date":"2021-04-01T13:50:12","date_gmt":"2021-04-01T12:50:12","guid":{"rendered":"https:\/\/www.roscom.co.uk\/gestion-des-risques-et-controles-e-commerce\/"},"modified":"2024-01-03T10:10:13","modified_gmt":"2024-01-03T10:10:13","slug":"gestion-des-risques-et-controles-e-commerce","status":"publish","type":"page","link":"https:\/\/www.roscom.co.uk\/fr\/gestion-des-risques-et-controles-e-commerce\/","title":{"rendered":"Gestion des Risques et Contr\u00f4les E-Commerce"},"content":{"rendered":"\t\t<div data-elementor-type=\"wp-page\" data-elementor-id=\"12813\" class=\"elementor elementor-12813 elementor-12280\" data-elementor-post-type=\"page\">\n\t\t\t\t\t\t<section class=\"elementor-section elementor-top-section elementor-element elementor-element-fce6d8a elementor-section-boxed elementor-section-height-default elementor-section-height-default\" data-id=\"fce6d8a\" data-element_type=\"section\" data-e-type=\"section\">\n\t\t\t\t\t\t<div class=\"elementor-container elementor-column-gap-default\">\n\t\t\t\t\t<div class=\"elementor-column elementor-col-100 elementor-top-column elementor-element elementor-element-c582564\" data-id=\"c582564\" data-element_type=\"column\" data-e-type=\"column\">\n\t\t\t<div class=\"elementor-widget-wrap elementor-element-populated\">\n\t\t\t\t\t\t<div class=\"elementor-element elementor-element-4a33b8e elementor-widget elementor-widget-spacer\" data-id=\"4a33b8e\" data-element_type=\"widget\" data-e-type=\"widget\" data-widget_type=\"spacer.default\">\n\t\t\t\t<div class=\"elementor-widget-container\">\n\t\t\t\t\t\t\t<div class=\"elementor-spacer\">\n\t\t\t<div class=\"elementor-spacer-inner\"><\/div>\n\t\t<\/div>\n\t\t\t\t\t\t<\/div>\n\t\t\t\t<\/div>\n\t\t\t\t\t<\/div>\n\t\t<\/div>\n\t\t\t\t\t<\/div>\n\t\t<\/section>\n\t\t\t\t<section class=\"elementor-section elementor-top-section elementor-element elementor-element-bb7ebfb elementor-section-boxed elementor-section-height-default elementor-section-height-default\" data-id=\"bb7ebfb\" data-element_type=\"section\" data-e-type=\"section\">\n\t\t\t\t\t\t<div class=\"elementor-container elementor-column-gap-default\">\n\t\t\t\t\t<div class=\"elementor-column elementor-col-100 elementor-top-column elementor-element elementor-element-c173aca\" data-id=\"c173aca\" data-element_type=\"column\" data-e-type=\"column\">\n\t\t\t<div class=\"elementor-widget-wrap elementor-element-populated\">\n\t\t\t\t\t\t<div class=\"elementor-element elementor-element-1f69442 elementor-widget elementor-widget-heading\" data-id=\"1f69442\" data-element_type=\"widget\" data-e-type=\"widget\" data-widget_type=\"heading.default\">\n\t\t\t\t<div class=\"elementor-widget-container\">\n\t\t\t\t\t<h1 class=\"elementor-heading-title elementor-size-xl\">Gestion des Risques et Contr\u00f4les E-Commerce<\/h1>\t\t\t\t<\/div>\n\t\t\t\t<\/div>\n\t\t\t\t<div class=\"elementor-element elementor-element-e2f9386 elementor-widget elementor-widget-spacer\" data-id=\"e2f9386\" data-element_type=\"widget\" data-e-type=\"widget\" data-widget_type=\"spacer.default\">\n\t\t\t\t<div class=\"elementor-widget-container\">\n\t\t\t\t\t\t\t<div class=\"elementor-spacer\">\n\t\t\t<div class=\"elementor-spacer-inner\"><\/div>\n\t\t<\/div>\n\t\t\t\t\t\t<\/div>\n\t\t\t\t<\/div>\n\t\t\t\t\t<\/div>\n\t\t<\/div>\n\t\t\t\t\t<\/div>\n\t\t<\/section>\n\t\t\t\t<section class=\"elementor-section elementor-top-section elementor-element elementor-element-d7cea75 elementor-section-boxed elementor-section-height-default elementor-section-height-default\" data-id=\"d7cea75\" data-element_type=\"section\" data-e-type=\"section\">\n\t\t\t\t\t\t<div class=\"elementor-container elementor-column-gap-default\">\n\t\t\t\t\t<div class=\"elementor-column elementor-col-50 elementor-top-column elementor-element elementor-element-cb7adda\" data-id=\"cb7adda\" data-element_type=\"column\" data-e-type=\"column\">\n\t\t\t<div class=\"elementor-widget-wrap elementor-element-populated\">\n\t\t\t\t\t\t<div class=\"elementor-element elementor-element-04bc803 elementor-widget elementor-widget-text-editor\" data-id=\"04bc803\" data-element_type=\"widget\" data-e-type=\"widget\" data-widget_type=\"text-editor.default\">\n\t\t\t\t<div class=\"elementor-widget-container\">\n\t\t\t\t\t\t\t\t\t<p>Nous fournissons notre mod\u00e8le de risque et de contr\u00f4le pr\u00e9d\u00e9fini avec plus de 300 contr\u00f4les pr\u00e9configur\u00e9s. Nous avons l&rsquo;expertise non seulement pour l&rsquo;avoir cr\u00e9\u00e9 en premier lieu, mais aussi pour avoir le savoir-faire sur la fa\u00e7on de l&rsquo;adapter, de l&rsquo;appliquer et de l&rsquo;int\u00e9grer \u00e0 n&rsquo;importe quelle entreprise num\u00e9ris\u00e9e qui dispose d&rsquo;une grande quantit\u00e9 de donn\u00e9es. Si vous \u00eates dans une phase de transformation num\u00e9rique, nous pouvons vous aider \u00e0 construire votre environnement de contr\u00f4le d\u00e8s sa cr\u00e9ation, puis \u00e0 l&rsquo;int\u00e9grer \u00e0 partir de la base. Que vous soyez une start-up qui a fait ses preuves ou l&rsquo;un des commer\u00e7ants dont la croissance est la plus rapide au monde, nous pouvons am\u00e9liorer ou lancer votre strat\u00e9gie d&rsquo;assurance des risques.<\/p><p>Nous travaillons avec des commer\u00e7ants et des fabricants de solutions de plateforme pour appliquer notre technologie et nos outils de gestion des risques et de contr\u00f4le. Pour les cr\u00e9ateurs de plateformes, il peut s\u2019agir d&rsquo;obtention d\u2019attestations pour vos produits et de r\u00e9duction des frais d&rsquo;audit externe et de cr\u00e9ation d&rsquo;un processus d&rsquo;am\u00e9lioration des produits. Pour les commer\u00e7ants, il peut s\u2019agir de minimiser les risques de fraude ou de perte de revenus ou de marge.<\/p><p>Nous disposons d&rsquo;une gamme d&rsquo;outils, de technologies et de techniques pour am\u00e9liorer votre fonction d&rsquo;Audit interne ou de Gestion des Risques et nous pouvons vous aider \u00e0 d\u00e9velopper les mod\u00e8les et les contr\u00f4les que vous avez mis en place. Dans le cadre d&rsquo;un d\u00e9ploiement classique des risques et des contr\u00f4les, il y a g\u00e9n\u00e9ralement une phase de conception et de mod\u00e9lisation des contr\u00f4les avant de d\u00e9ployer nos outils et notre technologie. Le niveau d&rsquo;int\u00e9gration des donn\u00e9es est g\u00e9n\u00e9ralement beaucoup plus avanc\u00e9 que dans le cas d&rsquo;un d\u00e9ploiement de l&rsquo;Assurance sur le Revenu, ce qui signifie que l&rsquo;environnement de contr\u00f4le peut \u00eatre am\u00e9lior\u00e9 progressivement.<\/p>\t\t\t\t\t\t\t\t<\/div>\n\t\t\t\t<\/div>\n\t\t\t\t<div class=\"elementor-element elementor-element-df9d615 elementor-widget elementor-widget-spacer\" data-id=\"df9d615\" data-element_type=\"widget\" data-e-type=\"widget\" data-widget_type=\"spacer.default\">\n\t\t\t\t<div class=\"elementor-widget-container\">\n\t\t\t\t\t\t\t<div class=\"elementor-spacer\">\n\t\t\t<div class=\"elementor-spacer-inner\"><\/div>\n\t\t<\/div>\n\t\t\t\t\t\t<\/div>\n\t\t\t\t<\/div>\n\t\t\t\t\t<\/div>\n\t\t<\/div>\n\t\t\t\t<div class=\"elementor-column elementor-col-50 elementor-top-column elementor-element elementor-element-a6f830d\" data-id=\"a6f830d\" data-element_type=\"column\" data-e-type=\"column\">\n\t\t\t<div class=\"elementor-widget-wrap elementor-element-populated\">\n\t\t\t\t\t\t<div class=\"elementor-element elementor-element-689d639 elementor-widget elementor-widget-image\" data-id=\"689d639\" data-element_type=\"widget\" data-e-type=\"widget\" data-widget_type=\"image.default\">\n\t\t\t\t<div class=\"elementor-widget-container\">\n\t\t\t\t\t\t\t\t\t\t\t\t\t\t\t<img fetchpriority=\"high\" decoding=\"async\" width=\"768\" height=\"513\" src=\"https:\/\/www.roscom.co.uk\/wp-content\/uploads\/Online-Shopping-Regulations_S-768x513.webp\" class=\"attachment-medium_large size-medium_large wp-image-24564\" alt=\"Gestion des Risques et Contr\u00f4les E-Commerce - Roscom\" srcset=\"https:\/\/www.roscom.co.uk\/wp-content\/uploads\/Online-Shopping-Regulations_S-768x513.webp 768w, https:\/\/www.roscom.co.uk\/wp-content\/uploads\/Online-Shopping-Regulations_S-300x200.webp 300w, https:\/\/www.roscom.co.uk\/wp-content\/uploads\/Online-Shopping-Regulations_S-1024x683.webp 1024w, https:\/\/www.roscom.co.uk\/wp-content\/uploads\/Online-Shopping-Regulations_S.webp 1254w\" sizes=\"(max-width: 768px) 100vw, 768px\" \/>\t\t\t\t\t\t\t\t\t\t\t\t\t\t\t<\/div>\n\t\t\t\t<\/div>\n\t\t\t\t<div class=\"elementor-element elementor-element-06394c4 elementor-icon-list--layout-traditional elementor-list-item-link-full_width elementor-widget elementor-widget-icon-list\" data-id=\"06394c4\" data-element_type=\"widget\" data-e-type=\"widget\" data-widget_type=\"icon-list.default\">\n\t\t\t\t<div class=\"elementor-widget-container\">\n\t\t\t\t\t\t\t<ul class=\"elementor-icon-list-items\">\n\t\t\t\t\t\t\t<li class=\"elementor-icon-list-item\">\n\t\t\t\t\t\t\t\t\t\t\t<span class=\"elementor-icon-list-icon\">\n\t\t\t\t\t\t\t<svg aria-hidden=\"true\" class=\"e-font-icon-svg e-fas-solar-panel\" viewBox=\"0 0 640 512\" xmlns=\"http:\/\/www.w3.org\/2000\/svg\"><path d=\"M431.98 448.01l-47.97.05V416h-128v32.21l-47.98.05c-8.82.01-15.97 7.16-15.98 15.99l-.05 31.73c-.01 8.85 7.17 16.03 16.02 16.02l223.96-.26c8.82-.01 15.97-7.16 15.98-15.98l.04-31.73c.01-8.85-7.17-16.03-16.02-16.02zM585.2 26.74C582.58 11.31 568.99 0 553.06 0H86.93C71 0 57.41 11.31 54.79 26.74-3.32 369.16.04 348.08.03 352c-.03 17.32 14.29 32 32.6 32h574.74c18.23 0 32.51-14.56 32.59-31.79.02-4.08 3.35 16.95-54.76-325.47zM259.83 64h120.33l9.77 96H250.06l9.77-96zm-75.17 256H71.09L90.1 208h105.97l-11.41 112zm16.29-160H98.24l16.29-96h96.19l-9.77 96zm32.82 160l11.4-112h149.65l11.4 112H233.77zm195.5-256h96.19l16.29 96H439.04l-9.77-96zm26.06 256l-11.4-112H549.9l19.01 112H455.33z\"><\/path><\/svg>\t\t\t\t\t\t<\/span>\n\t\t\t\t\t\t\t\t\t\t<span class=\"elementor-icon-list-text\">Un fournisseur certifi\u00e9 neutre en carbone profiterait-il \u00e0 vos objectifs en mati\u00e8re de carbone?<\/span>\n\t\t\t\t\t\t\t\t\t<\/li>\n\t\t\t\t\t\t\t\t<li class=\"elementor-icon-list-item\">\n\t\t\t\t\t\t\t\t\t\t\t<span class=\"elementor-icon-list-icon\">\n\t\t\t\t\t\t\t<svg aria-hidden=\"true\" class=\"e-font-icon-svg e-fas-traffic-light\" viewBox=\"0 0 384 512\" xmlns=\"http:\/\/www.w3.org\/2000\/svg\"><path d=\"M384 192h-64v-37.88c37.2-13.22 64-48.38 64-90.12h-64V32c0-17.67-14.33-32-32-32H96C78.33 0 64 14.33 64 32v32H0c0 41.74 26.8 76.9 64 90.12V192H0c0 41.74 26.8 76.9 64 90.12V320H0c0 42.84 28.25 78.69 66.99 91.05C79.42 468.72 130.6 512 192 512s112.58-43.28 125.01-100.95C355.75 398.69 384 362.84 384 320h-64v-37.88c37.2-13.22 64-48.38 64-90.12zM192 416c-26.51 0-48-21.49-48-48s21.49-48 48-48 48 21.49 48 48-21.49 48-48 48zm0-128c-26.51 0-48-21.49-48-48s21.49-48 48-48 48 21.49 48 48-21.49 48-48 48zm0-128c-26.51 0-48-21.49-48-48s21.49-48 48-48 48 21.49 48 48-21.49 48-48 48z\"><\/path><\/svg>\t\t\t\t\t\t<\/span>\n\t\t\t\t\t\t\t\t\t\t<span class=\"elementor-icon-list-text\">Vos partenaires s'appuient-ils sur les contr\u00f4les internes existants?<\/span>\n\t\t\t\t\t\t\t\t\t<\/li>\n\t\t\t\t\t\t\t\t<li class=\"elementor-icon-list-item\">\n\t\t\t\t\t\t\t\t\t\t\t<span class=\"elementor-icon-list-icon\">\n\t\t\t\t\t\t\t<svg aria-hidden=\"true\" class=\"e-font-icon-svg e-far-building\" viewBox=\"0 0 448 512\" xmlns=\"http:\/\/www.w3.org\/2000\/svg\"><path d=\"M128 148v-40c0-6.6 5.4-12 12-12h40c6.6 0 12 5.4 12 12v40c0 6.6-5.4 12-12 12h-40c-6.6 0-12-5.4-12-12zm140 12h40c6.6 0 12-5.4 12-12v-40c0-6.6-5.4-12-12-12h-40c-6.6 0-12 5.4-12 12v40c0 6.6 5.4 12 12 12zm-128 96h40c6.6 0 12-5.4 12-12v-40c0-6.6-5.4-12-12-12h-40c-6.6 0-12 5.4-12 12v40c0 6.6 5.4 12 12 12zm128 0h40c6.6 0 12-5.4 12-12v-40c0-6.6-5.4-12-12-12h-40c-6.6 0-12 5.4-12 12v40c0 6.6 5.4 12 12 12zm-76 84v-40c0-6.6-5.4-12-12-12h-40c-6.6 0-12 5.4-12 12v40c0 6.6 5.4 12 12 12h40c6.6 0 12-5.4 12-12zm76 12h40c6.6 0 12-5.4 12-12v-40c0-6.6-5.4-12-12-12h-40c-6.6 0-12 5.4-12 12v40c0 6.6 5.4 12 12 12zm180 124v36H0v-36c0-6.6 5.4-12 12-12h19.5V24c0-13.3 10.7-24 24-24h337c13.3 0 24 10.7 24 24v440H436c6.6 0 12 5.4 12 12zM79.5 463H192v-67c0-6.6 5.4-12 12-12h40c6.6 0 12 5.4 12 12v67h112.5V49L80 48l-.5 415z\"><\/path><\/svg>\t\t\t\t\t\t<\/span>\n\t\t\t\t\t\t\t\t\t\t<span class=\"elementor-icon-list-text\">B\u00e9n\u00e9ficieriez-vous d'un domaine de risque et de contr\u00f4les \u00e9prouv\u00e9 pr\u00e9d\u00e9fini?<\/span>\n\t\t\t\t\t\t\t\t\t<\/li>\n\t\t\t\t\t\t\t\t<li class=\"elementor-icon-list-item\">\n\t\t\t\t\t\t\t\t\t\t\t<span class=\"elementor-icon-list-icon\">\n\t\t\t\t\t\t\t<svg aria-hidden=\"true\" class=\"e-font-icon-svg e-fas-gavel\" viewBox=\"0 0 512 512\" xmlns=\"http:\/\/www.w3.org\/2000\/svg\"><path d=\"M504.971 199.362l-22.627-22.627c-9.373-9.373-24.569-9.373-33.941 0l-5.657 5.657L329.608 69.255l5.657-5.657c9.373-9.373 9.373-24.569 0-33.941L312.638 7.029c-9.373-9.373-24.569-9.373-33.941 0L154.246 131.48c-9.373 9.373-9.373 24.569 0 33.941l22.627 22.627c9.373 9.373 24.569 9.373 33.941 0l5.657-5.657 39.598 39.598-81.04 81.04-5.657-5.657c-12.497-12.497-32.758-12.497-45.255 0L9.373 412.118c-12.497 12.497-12.497 32.758 0 45.255l45.255 45.255c12.497 12.497 32.758 12.497 45.255 0l114.745-114.745c12.497-12.497 12.497-32.758 0-45.255l-5.657-5.657 81.04-81.04 39.598 39.598-5.657 5.657c-9.373 9.373-9.373 24.569 0 33.941l22.627 22.627c9.373 9.373 24.569 9.373 33.941 0l124.451-124.451c9.372-9.372 9.372-24.568 0-33.941z\"><\/path><\/svg>\t\t\t\t\t\t<\/span>\n\t\t\t\t\t\t\t\t\t\t<span class=\"elementor-icon-list-text\">Pouvez-vous facilement prouver tous les aspects de la conformit\u00e9 r\u00e9glementaire?<\/span>\n\t\t\t\t\t\t\t\t\t<\/li>\n\t\t\t\t\t\t<\/ul>\n\t\t\t\t\t\t<\/div>\n\t\t\t\t<\/div>\n\t\t\t\t<div class=\"elementor-element elementor-element-74d3644 elementor-align-right elementor-widget elementor-widget-button\" data-id=\"74d3644\" data-element_type=\"widget\" data-e-type=\"widget\" data-widget_type=\"button.default\">\n\t\t\t\t<div class=\"elementor-widget-container\">\n\t\t\t\t\t\t\t\t\t<div class=\"elementor-button-wrapper\">\n\t\t\t\t\t<a class=\"elementor-button elementor-button-link elementor-size-sm\" href=\"https:\/\/www.roscom.co.uk\/fr\/contactez-nous\/\">\n\t\t\t\t\t\t<span class=\"elementor-button-content-wrapper\">\n\t\t\t\t\t\t\t\t\t<span class=\"elementor-button-text\">CONTACTEZ-NOUS<\/span>\n\t\t\t\t\t<\/span>\n\t\t\t\t\t<\/a>\n\t\t\t\t<\/div>\n\t\t\t\t\t\t\t\t<\/div>\n\t\t\t\t<\/div>\n\t\t\t\t\t<\/div>\n\t\t<\/div>\n\t\t\t\t\t<\/div>\n\t\t<\/section>\n\t\t\t\t<section class=\"elementor-section elementor-top-section elementor-element elementor-element-9904d57 elementor-section-boxed elementor-section-height-default elementor-section-height-default\" data-id=\"9904d57\" data-element_type=\"section\" data-e-type=\"section\">\n\t\t\t\t\t\t<div class=\"elementor-container elementor-column-gap-default\">\n\t\t\t\t\t<div class=\"elementor-column elementor-col-100 elementor-top-column elementor-element elementor-element-afcbc39\" data-id=\"afcbc39\" data-element_type=\"column\" data-e-type=\"column\">\n\t\t\t<div class=\"elementor-widget-wrap elementor-element-populated\">\n\t\t\t\t\t\t<div class=\"elementor-element elementor-element-b0b7170 elementor-widget elementor-widget-spacer\" data-id=\"b0b7170\" data-element_type=\"widget\" data-e-type=\"widget\" data-widget_type=\"spacer.default\">\n\t\t\t\t<div class=\"elementor-widget-container\">\n\t\t\t\t\t\t\t<div class=\"elementor-spacer\">\n\t\t\t<div class=\"elementor-spacer-inner\"><\/div>\n\t\t<\/div>\n\t\t\t\t\t\t<\/div>\n\t\t\t\t<\/div>\n\t\t\t\t\t<\/div>\n\t\t<\/div>\n\t\t\t\t\t<\/div>\n\t\t<\/section>\n\t\t\t\t<\/div>\n\t\t","protected":false},"excerpt":{"rendered":"<p>Gestion des Risques et Contr\u00f4les E-Commerce Nous fournissons notre mod\u00e8le de risque et de contr\u00f4le pr\u00e9d\u00e9fini avec plus de 300 contr\u00f4les pr\u00e9configur\u00e9s. Nous avons l&rsquo;expertise non seulement pour l&rsquo;avoir cr\u00e9\u00e9 en premier lieu, mais aussi pour avoir le savoir-faire sur la fa\u00e7on de l&rsquo;adapter, de l&rsquo;appliquer et de l&rsquo;int\u00e9grer \u00e0 n&rsquo;importe quelle entreprise num\u00e9ris\u00e9e qui [&hellip;]<\/p>\n","protected":false},"author":4,"featured_media":24564,"parent":0,"menu_order":0,"comment_status":"closed","ping_status":"closed","template":"","meta":{"footnotes":""},"class_list":["post-12813","page","type-page","status-publish","has-post-thumbnail","hentry"],"yoast_head":"<!-- This site is optimized with the Yoast SEO plugin v27.0 - https:\/\/yoast.com\/product\/yoast-seo-wordpress\/ -->\n<title>Gestion des Risques et Contr\u00f4les E-Commerce - Roscom<\/title>\n<meta name=\"description\" content=\"Nous mettons sur la table notre mod\u00e8le de risque et de contr\u00f4le pr\u00e9d\u00e9fini dot\u00e9 de plus de 300 contr\u00f4les pr\u00e9d\u00e9finis.\" \/>\n<meta name=\"robots\" content=\"index, follow, max-snippet:-1, max-image-preview:large, max-video-preview:-1\" \/>\n<link rel=\"canonical\" href=\"https:\/\/www.roscom.co.uk\/fr\/gestion-des-risques-et-controles-e-commerce\/\" \/>\n<meta property=\"og:locale\" content=\"fr_FR\" \/>\n<meta property=\"og:type\" content=\"article\" \/>\n<meta property=\"og:title\" content=\"Gestion des Risques et Contr\u00f4les E-Commerce - Roscom\" \/>\n<meta property=\"og:description\" content=\"Nous mettons sur la table notre mod\u00e8le de risque et de contr\u00f4le pr\u00e9d\u00e9fini dot\u00e9 de plus de 300 contr\u00f4les pr\u00e9d\u00e9finis.\" \/>\n<meta property=\"og:url\" content=\"https:\/\/www.roscom.co.uk\/fr\/gestion-des-risques-et-controles-e-commerce\/\" \/>\n<meta property=\"og:site_name\" content=\"Roscom\" \/>\n<meta property=\"article:modified_time\" content=\"2024-01-03T10:10:13+00:00\" \/>\n<meta property=\"og:image\" content=\"http:\/\/www.roscom.co.uk\/wp-content\/uploads\/Online-Shopping-Regulations_S.webp\" \/>\n\t<meta property=\"og:image:width\" content=\"1254\" \/>\n\t<meta property=\"og:image:height\" content=\"837\" \/>\n\t<meta property=\"og:image:type\" content=\"image\/webp\" \/>\n<meta name=\"twitter:card\" content=\"summary_large_image\" \/>\n<meta name=\"twitter:label1\" content=\"Dur\u00e9e de lecture estim\u00e9e\" \/>\n\t<meta name=\"twitter:data1\" content=\"2 minutes\" \/>\n<script type=\"application\/ld+json\" class=\"yoast-schema-graph\">{\"@context\":\"https:\/\/schema.org\",\"@graph\":[{\"@type\":\"WebPage\",\"@id\":\"https:\/\/www.roscom.co.uk\/fr\/gestion-des-risques-et-controles-e-commerce\/\",\"url\":\"https:\/\/www.roscom.co.uk\/fr\/gestion-des-risques-et-controles-e-commerce\/\",\"name\":\"Gestion des Risques et Contr\u00f4les E-Commerce - Roscom\",\"isPartOf\":{\"@id\":\"https:\/\/www.roscom.co.uk\/#website\"},\"primaryImageOfPage\":{\"@id\":\"https:\/\/www.roscom.co.uk\/fr\/gestion-des-risques-et-controles-e-commerce\/#primaryimage\"},\"image\":{\"@id\":\"https:\/\/www.roscom.co.uk\/fr\/gestion-des-risques-et-controles-e-commerce\/#primaryimage\"},\"thumbnailUrl\":\"https:\/\/www.roscom.co.uk\/wp-content\/uploads\/Online-Shopping-Regulations_S.webp\",\"datePublished\":\"2021-04-01T12:50:12+00:00\",\"dateModified\":\"2024-01-03T10:10:13+00:00\",\"description\":\"Nous mettons sur la table notre mod\u00e8le de risque et de contr\u00f4le pr\u00e9d\u00e9fini dot\u00e9 de plus de 300 contr\u00f4les pr\u00e9d\u00e9finis.\",\"breadcrumb\":{\"@id\":\"https:\/\/www.roscom.co.uk\/fr\/gestion-des-risques-et-controles-e-commerce\/#breadcrumb\"},\"inLanguage\":\"fr-FR\",\"potentialAction\":[{\"@type\":\"ReadAction\",\"target\":[\"https:\/\/www.roscom.co.uk\/fr\/gestion-des-risques-et-controles-e-commerce\/\"]}]},{\"@type\":\"ImageObject\",\"inLanguage\":\"fr-FR\",\"@id\":\"https:\/\/www.roscom.co.uk\/fr\/gestion-des-risques-et-controles-e-commerce\/#primaryimage\",\"url\":\"https:\/\/www.roscom.co.uk\/wp-content\/uploads\/Online-Shopping-Regulations_S.webp\",\"contentUrl\":\"https:\/\/www.roscom.co.uk\/wp-content\/uploads\/Online-Shopping-Regulations_S.webp\",\"width\":1254,\"height\":837,\"caption\":\"Gestion des Risques et Contr\u00f4les E-Commerce - Roscom\"},{\"@type\":\"BreadcrumbList\",\"@id\":\"https:\/\/www.roscom.co.uk\/fr\/gestion-des-risques-et-controles-e-commerce\/#breadcrumb\",\"itemListElement\":[{\"@type\":\"ListItem\",\"position\":1,\"name\":\"Accueil\",\"item\":\"https:\/\/www.roscom.co.uk\/fr\/\"},{\"@type\":\"ListItem\",\"position\":2,\"name\":\"Gestion des Risques et Contr\u00f4les E-Commerce\"}]},{\"@type\":\"WebSite\",\"@id\":\"https:\/\/www.roscom.co.uk\/#website\",\"url\":\"https:\/\/www.roscom.co.uk\/\",\"name\":\"Roscom\",\"description\":\"Compliance Risk and Business Assurance\",\"publisher\":{\"@id\":\"https:\/\/www.roscom.co.uk\/#organization\"},\"potentialAction\":[{\"@type\":\"SearchAction\",\"target\":{\"@type\":\"EntryPoint\",\"urlTemplate\":\"https:\/\/www.roscom.co.uk\/?s={search_term_string}\"},\"query-input\":{\"@type\":\"PropertyValueSpecification\",\"valueRequired\":true,\"valueName\":\"search_term_string\"}}],\"inLanguage\":\"fr-FR\"},{\"@type\":\"Organization\",\"@id\":\"https:\/\/www.roscom.co.uk\/#organization\",\"name\":\"Roscom\",\"url\":\"https:\/\/www.roscom.co.uk\/\",\"logo\":{\"@type\":\"ImageObject\",\"inLanguage\":\"fr-FR\",\"@id\":\"https:\/\/www.roscom.co.uk\/#\/schema\/logo\/image\/\",\"url\":\"https:\/\/www.roscom.co.uk\/wp-content\/uploads\/Roscom-logo.png\",\"contentUrl\":\"https:\/\/www.roscom.co.uk\/wp-content\/uploads\/Roscom-logo.png\",\"width\":682,\"height\":124,\"caption\":\"Roscom\"},\"image\":{\"@id\":\"https:\/\/www.roscom.co.uk\/#\/schema\/logo\/image\/\"}}]}<\/script>\n<!-- \/ Yoast SEO plugin. -->","yoast_head_json":{"title":"Gestion des Risques et Contr\u00f4les E-Commerce - Roscom","description":"Nous mettons sur la table notre mod\u00e8le de risque et de contr\u00f4le pr\u00e9d\u00e9fini dot\u00e9 de plus de 300 contr\u00f4les pr\u00e9d\u00e9finis.","robots":{"index":"index","follow":"follow","max-snippet":"max-snippet:-1","max-image-preview":"max-image-preview:large","max-video-preview":"max-video-preview:-1"},"canonical":"https:\/\/www.roscom.co.uk\/fr\/gestion-des-risques-et-controles-e-commerce\/","og_locale":"fr_FR","og_type":"article","og_title":"Gestion des Risques et Contr\u00f4les E-Commerce - Roscom","og_description":"Nous mettons sur la table notre mod\u00e8le de risque et de contr\u00f4le pr\u00e9d\u00e9fini dot\u00e9 de plus de 300 contr\u00f4les pr\u00e9d\u00e9finis.","og_url":"https:\/\/www.roscom.co.uk\/fr\/gestion-des-risques-et-controles-e-commerce\/","og_site_name":"Roscom","article_modified_time":"2024-01-03T10:10:13+00:00","og_image":[{"width":1254,"height":837,"url":"http:\/\/www.roscom.co.uk\/wp-content\/uploads\/Online-Shopping-Regulations_S.webp","type":"image\/webp"}],"twitter_card":"summary_large_image","twitter_misc":{"Dur\u00e9e de lecture estim\u00e9e":"2 minutes"},"schema":{"@context":"https:\/\/schema.org","@graph":[{"@type":"WebPage","@id":"https:\/\/www.roscom.co.uk\/fr\/gestion-des-risques-et-controles-e-commerce\/","url":"https:\/\/www.roscom.co.uk\/fr\/gestion-des-risques-et-controles-e-commerce\/","name":"Gestion des Risques et Contr\u00f4les E-Commerce - Roscom","isPartOf":{"@id":"https:\/\/www.roscom.co.uk\/#website"},"primaryImageOfPage":{"@id":"https:\/\/www.roscom.co.uk\/fr\/gestion-des-risques-et-controles-e-commerce\/#primaryimage"},"image":{"@id":"https:\/\/www.roscom.co.uk\/fr\/gestion-des-risques-et-controles-e-commerce\/#primaryimage"},"thumbnailUrl":"https:\/\/www.roscom.co.uk\/wp-content\/uploads\/Online-Shopping-Regulations_S.webp","datePublished":"2021-04-01T12:50:12+00:00","dateModified":"2024-01-03T10:10:13+00:00","description":"Nous mettons sur la table notre mod\u00e8le de risque et de contr\u00f4le pr\u00e9d\u00e9fini dot\u00e9 de plus de 300 contr\u00f4les pr\u00e9d\u00e9finis.","breadcrumb":{"@id":"https:\/\/www.roscom.co.uk\/fr\/gestion-des-risques-et-controles-e-commerce\/#breadcrumb"},"inLanguage":"fr-FR","potentialAction":[{"@type":"ReadAction","target":["https:\/\/www.roscom.co.uk\/fr\/gestion-des-risques-et-controles-e-commerce\/"]}]},{"@type":"ImageObject","inLanguage":"fr-FR","@id":"https:\/\/www.roscom.co.uk\/fr\/gestion-des-risques-et-controles-e-commerce\/#primaryimage","url":"https:\/\/www.roscom.co.uk\/wp-content\/uploads\/Online-Shopping-Regulations_S.webp","contentUrl":"https:\/\/www.roscom.co.uk\/wp-content\/uploads\/Online-Shopping-Regulations_S.webp","width":1254,"height":837,"caption":"Gestion des Risques et Contr\u00f4les E-Commerce - Roscom"},{"@type":"BreadcrumbList","@id":"https:\/\/www.roscom.co.uk\/fr\/gestion-des-risques-et-controles-e-commerce\/#breadcrumb","itemListElement":[{"@type":"ListItem","position":1,"name":"Accueil","item":"https:\/\/www.roscom.co.uk\/fr\/"},{"@type":"ListItem","position":2,"name":"Gestion des Risques et Contr\u00f4les E-Commerce"}]},{"@type":"WebSite","@id":"https:\/\/www.roscom.co.uk\/#website","url":"https:\/\/www.roscom.co.uk\/","name":"Roscom","description":"Compliance Risk and Business Assurance","publisher":{"@id":"https:\/\/www.roscom.co.uk\/#organization"},"potentialAction":[{"@type":"SearchAction","target":{"@type":"EntryPoint","urlTemplate":"https:\/\/www.roscom.co.uk\/?s={search_term_string}"},"query-input":{"@type":"PropertyValueSpecification","valueRequired":true,"valueName":"search_term_string"}}],"inLanguage":"fr-FR"},{"@type":"Organization","@id":"https:\/\/www.roscom.co.uk\/#organization","name":"Roscom","url":"https:\/\/www.roscom.co.uk\/","logo":{"@type":"ImageObject","inLanguage":"fr-FR","@id":"https:\/\/www.roscom.co.uk\/#\/schema\/logo\/image\/","url":"https:\/\/www.roscom.co.uk\/wp-content\/uploads\/Roscom-logo.png","contentUrl":"https:\/\/www.roscom.co.uk\/wp-content\/uploads\/Roscom-logo.png","width":682,"height":124,"caption":"Roscom"},"image":{"@id":"https:\/\/www.roscom.co.uk\/#\/schema\/logo\/image\/"}}]}},"_links":{"self":[{"href":"https:\/\/www.roscom.co.uk\/fr\/wp-json\/wp\/v2\/pages\/12813","targetHints":{"allow":["GET"]}}],"collection":[{"href":"https:\/\/www.roscom.co.uk\/fr\/wp-json\/wp\/v2\/pages"}],"about":[{"href":"https:\/\/www.roscom.co.uk\/fr\/wp-json\/wp\/v2\/types\/page"}],"author":[{"embeddable":true,"href":"https:\/\/www.roscom.co.uk\/fr\/wp-json\/wp\/v2\/users\/4"}],"replies":[{"embeddable":true,"href":"https:\/\/www.roscom.co.uk\/fr\/wp-json\/wp\/v2\/comments?post=12813"}],"version-history":[{"count":10,"href":"https:\/\/www.roscom.co.uk\/fr\/wp-json\/wp\/v2\/pages\/12813\/revisions"}],"predecessor-version":[{"id":24582,"href":"https:\/\/www.roscom.co.uk\/fr\/wp-json\/wp\/v2\/pages\/12813\/revisions\/24582"}],"wp:featuredmedia":[{"embeddable":true,"href":"https:\/\/www.roscom.co.uk\/fr\/wp-json\/wp\/v2\/media\/24564"}],"wp:attachment":[{"href":"https:\/\/www.roscom.co.uk\/fr\/wp-json\/wp\/v2\/media?parent=12813"}],"curies":[{"name":"wp","href":"https:\/\/api.w.org\/{rel}","templated":true}]}}