{"id":25562,"date":"2024-12-10T16:26:19","date_gmt":"2024-12-10T16:26:19","guid":{"rendered":"https:\/\/www.roscom.co.uk\/guide-des-produits-tcg\/"},"modified":"2026-03-31T08:11:14","modified_gmt":"2026-03-31T07:11:14","slug":"guide-des-produits-tcg","status":"publish","type":"page","link":"https:\/\/www.roscom.co.uk\/fr\/guide-des-produits-tcg\/","title":{"rendered":"Guide des produits TCG"},"content":{"rendered":"\t\t<div data-elementor-type=\"wp-page\" data-elementor-id=\"25562\" class=\"elementor elementor-25562 elementor-25540\" data-elementor-post-type=\"page\">\n\t\t\t\t\t\t<section class=\"elementor-section elementor-top-section elementor-element elementor-element-79c3325 elementor-section-stretched elementor-section-boxed elementor-section-height-default elementor-section-height-default\" data-id=\"79c3325\" data-element_type=\"section\" data-e-type=\"section\" data-settings=\"{&quot;stretch_section&quot;:&quot;section-stretched&quot;,&quot;background_background&quot;:&quot;slideshow&quot;,&quot;background_slideshow_gallery&quot;:[{&quot;id&quot;:14503,&quot;url&quot;:&quot;https:\\\/\\\/www.roscom.co.uk\\\/wp-content\\\/uploads\\\/Technology-Edited-1.jpg&quot;}],&quot;background_slideshow_loop&quot;:&quot;yes&quot;,&quot;background_slideshow_slide_duration&quot;:5000,&quot;background_slideshow_slide_transition&quot;:&quot;fade&quot;,&quot;background_slideshow_transition_duration&quot;:500}\">\n\t\t\t\t\t\t<div class=\"elementor-container elementor-column-gap-default\">\n\t\t\t\t\t<div class=\"elementor-column elementor-col-50 elementor-top-column elementor-element elementor-element-831dd85\" data-id=\"831dd85\" data-element_type=\"column\" data-e-type=\"column\">\n\t\t\t<div class=\"elementor-widget-wrap elementor-element-populated\">\n\t\t\t\t\t\t<div class=\"elementor-element elementor-element-3cd6b98 elementor-widget elementor-widget-spacer\" data-id=\"3cd6b98\" data-element_type=\"widget\" data-e-type=\"widget\" data-widget_type=\"spacer.default\">\n\t\t\t\t<div class=\"elementor-widget-container\">\n\t\t\t\t\t\t\t<div class=\"elementor-spacer\">\n\t\t\t<div class=\"elementor-spacer-inner\"><\/div>\n\t\t<\/div>\n\t\t\t\t\t\t<\/div>\n\t\t\t\t<\/div>\n\t\t\t\t<div class=\"elementor-element elementor-element-a11f743 elementor-widget elementor-widget-image\" data-id=\"a11f743\" data-element_type=\"widget\" data-e-type=\"widget\" data-widget_type=\"image.default\">\n\t\t\t\t<div class=\"elementor-widget-container\">\n\t\t\t\t\t\t\t\t\t\t\t\t\t\t\t<img fetchpriority=\"high\" decoding=\"async\" width=\"768\" height=\"644\" src=\"https:\/\/www.roscom.co.uk\/wp-content\/uploads\/Website-TCG-Latest-Product-Guide-Image-FR-31032026-768x644.webp\" class=\"attachment-medium_large size-medium_large wp-image-26303\" alt=\"\" srcset=\"https:\/\/www.roscom.co.uk\/wp-content\/uploads\/Website-TCG-Latest-Product-Guide-Image-FR-31032026-768x644.webp 768w, https:\/\/www.roscom.co.uk\/wp-content\/uploads\/Website-TCG-Latest-Product-Guide-Image-FR-31032026-300x252.webp 300w, https:\/\/www.roscom.co.uk\/wp-content\/uploads\/Website-TCG-Latest-Product-Guide-Image-FR-31032026-1024x859.webp 1024w, https:\/\/www.roscom.co.uk\/wp-content\/uploads\/Website-TCG-Latest-Product-Guide-Image-FR-31032026.webp 1318w\" sizes=\"(max-width: 768px) 100vw, 768px\" \/>\t\t\t\t\t\t\t\t\t\t\t\t\t\t\t<\/div>\n\t\t\t\t<\/div>\n\t\t\t\t<div class=\"elementor-element elementor-element-a441d67 elementor-hidden-mobile elementor-widget elementor-widget-spacer\" data-id=\"a441d67\" data-element_type=\"widget\" data-e-type=\"widget\" data-widget_type=\"spacer.default\">\n\t\t\t\t<div class=\"elementor-widget-container\">\n\t\t\t\t\t\t\t<div class=\"elementor-spacer\">\n\t\t\t<div class=\"elementor-spacer-inner\"><\/div>\n\t\t<\/div>\n\t\t\t\t\t\t<\/div>\n\t\t\t\t<\/div>\n\t\t\t\t\t<\/div>\n\t\t<\/div>\n\t\t\t\t<div class=\"elementor-column elementor-col-50 elementor-top-column elementor-element elementor-element-9970f73\" data-id=\"9970f73\" data-element_type=\"column\" data-e-type=\"column\">\n\t\t\t<div class=\"elementor-widget-wrap elementor-element-populated\">\n\t\t\t\t\t\t<div class=\"elementor-element elementor-element-7ace1e8 elementor-hidden-mobile elementor-widget elementor-widget-spacer\" data-id=\"7ace1e8\" data-element_type=\"widget\" data-e-type=\"widget\" data-widget_type=\"spacer.default\">\n\t\t\t\t<div class=\"elementor-widget-container\">\n\t\t\t\t\t\t\t<div class=\"elementor-spacer\">\n\t\t\t<div class=\"elementor-spacer-inner\"><\/div>\n\t\t<\/div>\n\t\t\t\t\t\t<\/div>\n\t\t\t\t<\/div>\n\t\t\t\t<div class=\"elementor-element elementor-element-beaf70b elementor-widget elementor-widget-heading\" data-id=\"beaf70b\" data-element_type=\"widget\" data-e-type=\"widget\" data-widget_type=\"heading.default\">\n\t\t\t\t<div class=\"elementor-widget-container\">\n\t\t\t\t\t<h1 class=\"elementor-heading-title elementor-size-default\">Guide Produit sur le G\u00e9n\u00e9rateur d'Appels Tests<\/h1>\t\t\t\t<\/div>\n\t\t\t\t<\/div>\n\t\t\t\t<div class=\"elementor-element elementor-element-5fb7e13 elementor-widget elementor-widget-text-editor\" data-id=\"5fb7e13\" data-element_type=\"widget\" data-e-type=\"widget\" data-widget_type=\"text-editor.default\">\n\t\t\t\t<div class=\"elementor-widget-container\">\n\t\t\t\t\t\t\t\t\t<p>Ce guide d\u00e9taill\u00e9 rassemble toutes les informations sur nos produits TCG en un seul endroit utile. D\u00e9couvrez comment nos TCG peuvent \u00eatre appliqu\u00e9s \u00e0 l&rsquo;assurance des revenus, de la r\u00e9glementation, des services et de la fraude, ainsi qu&rsquo;\u00e0 des applications techniques avanc\u00e9es.<\/p>\t\t\t\t\t\t\t\t<\/div>\n\t\t\t\t<\/div>\n\t\t\t\t<div class=\"elementor-element elementor-element-53951d6 elementor-widget elementor-widget-spacer\" data-id=\"53951d6\" data-element_type=\"widget\" data-e-type=\"widget\" data-widget_type=\"spacer.default\">\n\t\t\t\t<div class=\"elementor-widget-container\">\n\t\t\t\t\t\t\t<div class=\"elementor-spacer\">\n\t\t\t<div class=\"elementor-spacer-inner\"><\/div>\n\t\t<\/div>\n\t\t\t\t\t\t<\/div>\n\t\t\t\t<\/div>\n\t\t\t\t\t<\/div>\n\t\t<\/div>\n\t\t\t\t\t<\/div>\n\t\t<\/section>\n\t\t\t\t<section class=\"elementor-section elementor-top-section elementor-element elementor-element-e0ad162 elementor-section-stretched elementor-section-boxed elementor-section-height-default elementor-section-height-default\" data-id=\"e0ad162\" data-element_type=\"section\" data-e-type=\"section\" data-settings=\"{&quot;stretch_section&quot;:&quot;section-stretched&quot;,&quot;background_background&quot;:&quot;classic&quot;}\">\n\t\t\t\t\t\t<div class=\"elementor-container elementor-column-gap-default\">\n\t\t\t\t\t<div class=\"elementor-column elementor-col-100 elementor-top-column elementor-element elementor-element-b090e5e\" data-id=\"b090e5e\" data-element_type=\"column\" data-e-type=\"column\">\n\t\t\t<div class=\"elementor-widget-wrap elementor-element-populated\">\n\t\t\t\t\t\t<div class=\"elementor-element elementor-element-ebbd1b7 elementor-widget elementor-widget-spacer\" data-id=\"ebbd1b7\" data-element_type=\"widget\" data-e-type=\"widget\" data-widget_type=\"spacer.default\">\n\t\t\t\t<div class=\"elementor-widget-container\">\n\t\t\t\t\t\t\t<div class=\"elementor-spacer\">\n\t\t\t<div class=\"elementor-spacer-inner\"><\/div>\n\t\t<\/div>\n\t\t\t\t\t\t<\/div>\n\t\t\t\t<\/div>\n\t\t\t\t<div class=\"elementor-element elementor-element-27e2b0f elementor-widget elementor-widget-heading\" data-id=\"27e2b0f\" data-element_type=\"widget\" data-e-type=\"widget\" data-widget_type=\"heading.default\">\n\t\t\t\t<div class=\"elementor-widget-container\">\n\t\t\t\t\t<h2 class=\"elementor-heading-title elementor-size-default\">Gratuit pour les op\u00e9rateurs et r\u00e9gulateurs de t\u00e9l\u00e9communications<\/h2>\t\t\t\t<\/div>\n\t\t\t\t<\/div>\n\t\t\t\t<div class=\"elementor-element elementor-element-a436d2d elementor-widget elementor-widget-heading\" data-id=\"a436d2d\" data-element_type=\"widget\" data-e-type=\"widget\" data-widget_type=\"heading.default\">\n\t\t\t\t<div class=\"elementor-widget-container\">\n\t\t\t\t\t<h2 class=\"elementor-heading-title elementor-size-medium\">ENTREZ VOTRE ADRESSE \u00c9LECTRONIQUE PROFESSIONNELLE ET D\u00c9BLOQUEZ L'ACC\u00c8S \u00c0 NOTRE GUIDE DES PRODUITS TCG<\/h2>\t\t\t\t<\/div>\n\t\t\t\t<\/div>\n\t\t\t\t<div class=\"elementor-element elementor-element-4fb9ff9 elementor-button-align-stretch elementor-widget elementor-widget-form\" data-id=\"4fb9ff9\" data-element_type=\"widget\" data-e-type=\"widget\" data-settings=\"{&quot;step_next_label&quot;:&quot;Suivante&quot;,&quot;step_previous_label&quot;:&quot;Pr\\u00e9c\\u00e9dent&quot;,&quot;step_type&quot;:&quot;number_text&quot;,&quot;step_icon_shape&quot;:&quot;circle&quot;}\" data-widget_type=\"form.default\">\n\t\t\t\t<div class=\"elementor-widget-container\">\n\t\t\t\t\t\t\t<form class=\"elementor-form\" method=\"post\" name=\"Nouveau Formulaire\" aria-label=\"Nouveau Formulaire\">\n\t\t\t<input type=\"hidden\" name=\"post_id\" value=\"25562\"\/>\n\t\t\t<input type=\"hidden\" name=\"form_id\" value=\"4fb9ff9\"\/>\n\t\t\t<input type=\"hidden\" name=\"referer_title\" value=\"Guide des produits TCG - Roscom\" \/>\n\n\t\t\t\t\t\t\t<input type=\"hidden\" name=\"queried_id\" value=\"25562\"\/>\n\t\t\t\n\t\t\t<div class=\"elementor-form-fields-wrapper elementor-labels-\">\n\t\t\t\t\t\t\t\t<div class=\"elementor-field-type-text elementor-field-group elementor-column elementor-field-group-field_c2b677b elementor-col-100\">\n\t\t\t\t\t\t\t\t\t\t\t\t<label for=\"form-field-field_c2b677b\" class=\"elementor-field-label elementor-screen-only\">\n\t\t\t\t\t\t\t\tNom\t\t\t\t\t\t\t<\/label>\n\t\t\t\t\t\t\t\t\t\t\t\t\t\t<input size=\"1\" type=\"text\" name=\"form_fields[field_c2b677b]\" id=\"form-field-field_c2b677b\" class=\"elementor-field elementor-size-sm  elementor-field-textual\" placeholder=\"Nom\">\n\t\t\t\t\t\t\t\t\t\t\t<\/div>\n\t\t\t\t\t\t\t\t<div class=\"elementor-field-type-email elementor-field-group elementor-column elementor-field-group-email elementor-col-100 elementor-field-required\">\n\t\t\t\t\t\t\t\t\t\t\t\t<label for=\"form-field-email\" class=\"elementor-field-label elementor-screen-only\">\n\t\t\t\t\t\t\t\tE-mail professionnel\t\t\t\t\t\t\t<\/label>\n\t\t\t\t\t\t\t\t\t\t\t\t\t\t<input size=\"1\" type=\"email\" name=\"form_fields[email]\" id=\"form-field-email\" class=\"elementor-field elementor-size-sm  elementor-field-textual\" placeholder=\"E-mail professionnel\" required=\"required\">\n\t\t\t\t\t\t\t\t\t\t\t<\/div>\n\t\t\t\t\t\t\t\t<div class=\"elementor-field-type-recaptcha_v3 elementor-field-group elementor-column elementor-field-group-field_c228bc7 elementor-col-100 recaptcha_v3-bottomright\">\n\t\t\t\t\t<div class=\"elementor-field\" id=\"form-field-field_c228bc7\"><div class=\"elementor-g-recaptcha\" data-sitekey=\"6LfkUYMkAAAAAJ0atwdpqAjWR9rz75A6QcEOsT3i\" data-type=\"v3\" data-action=\"Form\" data-badge=\"bottomright\" data-size=\"invisible\"><\/div><\/div>\t\t\t\t<\/div>\n\t\t\t\t\t\t\t\t<div class=\"elementor-field-group elementor-column elementor-field-type-submit elementor-col-100 e-form__buttons\">\n\t\t\t\t\t<button class=\"elementor-button elementor-size-sm\" type=\"submit\">\n\t\t\t\t\t\t<span class=\"elementor-button-content-wrapper\">\n\t\t\t\t\t\t\t\t\t\t\t\t\t\t\t<span class=\"elementor-button-icon\">\n\t\t\t\t\t\t\t\t\t<svg aria-hidden=\"true\" class=\"e-font-icon-svg e-fas-mouse-pointer\" viewBox=\"0 0 320 512\" xmlns=\"http:\/\/www.w3.org\/2000\/svg\"><path d=\"M302.189 329.126H196.105l55.831 135.993c3.889 9.428-.555 19.999-9.444 23.999l-49.165 21.427c-9.165 4-19.443-.571-23.332-9.714l-53.053-129.136-86.664 89.138C18.729 472.71 0 463.554 0 447.977V18.299C0 1.899 19.921-6.096 30.277 5.443l284.412 292.542c11.472 11.179 3.007 31.141-12.5 31.141z\"><\/path><\/svg>\t\t\t\t\t\t\t\t\t\t\t\t\t\t\t\t\t<\/span>\n\t\t\t\t\t\t\t\t\t\t\t\t\t\t\t\t\t\t\t\t\t\t<span class=\"elementor-button-text\">CLIQUEZ ICI POUR SOUMETTRE VOTRE DEMANDE<\/span>\n\t\t\t\t\t\t\t\t\t\t\t\t\t<\/span>\n\t\t\t\t\t<\/button>\n\t\t\t\t<\/div>\n\t\t\t<\/div>\n\t\t<\/form>\n\t\t\t\t\t\t<\/div>\n\t\t\t\t<\/div>\n\t\t\t\t<div class=\"elementor-element elementor-element-503dc37 elementor-widget elementor-widget-spacer\" data-id=\"503dc37\" data-element_type=\"widget\" data-e-type=\"widget\" data-widget_type=\"spacer.default\">\n\t\t\t\t<div class=\"elementor-widget-container\">\n\t\t\t\t\t\t\t<div class=\"elementor-spacer\">\n\t\t\t<div class=\"elementor-spacer-inner\"><\/div>\n\t\t<\/div>\n\t\t\t\t\t\t<\/div>\n\t\t\t\t<\/div>\n\t\t\t\t\t<\/div>\n\t\t<\/div>\n\t\t\t\t\t<\/div>\n\t\t<\/section>\n\t\t\t\t<\/div>\n\t\t","protected":false},"excerpt":{"rendered":"<p>Guide Produit sur le G\u00e9n\u00e9rateur d&rsquo;Appels Tests Ce guide d\u00e9taill\u00e9 rassemble toutes les informations sur nos produits TCG en un seul endroit utile. D\u00e9couvrez comment nos TCG peuvent \u00eatre appliqu\u00e9s \u00e0 l&rsquo;assurance des revenus, de la r\u00e9glementation, des services et de la fraude, ainsi qu&rsquo;\u00e0 des applications techniques avanc\u00e9es. Gratuit pour les op\u00e9rateurs et r\u00e9gulateurs [&hellip;]<\/p>\n","protected":false},"author":4,"featured_media":25606,"parent":0,"menu_order":0,"comment_status":"closed","ping_status":"closed","template":"","meta":{"footnotes":""},"class_list":["post-25562","page","type-page","status-publish","has-post-thumbnail","hentry"],"yoast_head":"<!-- This site is optimized with the Yoast SEO plugin v27.0 - https:\/\/yoast.com\/product\/yoast-seo-wordpress\/ -->\n<title>Guide des produits TCG - Roscom<\/title>\n<meta name=\"description\" content=\"Ce guide d\u00e9taill\u00e9 rassemble toutes les informations sur nos produits TCG en un seul endroit utile. Demandez votre exemplaire du guide des produits TCG d\u00e8s maintenant !\" \/>\n<meta name=\"robots\" content=\"index, follow, max-snippet:-1, max-image-preview:large, max-video-preview:-1\" \/>\n<link rel=\"canonical\" href=\"https:\/\/www.roscom.co.uk\/fr\/guide-des-produits-tcg\/\" \/>\n<meta property=\"og:locale\" content=\"fr_FR\" \/>\n<meta property=\"og:type\" content=\"article\" \/>\n<meta property=\"og:title\" content=\"Guide des produits TCG - Roscom\" \/>\n<meta property=\"og:description\" content=\"Ce guide d\u00e9taill\u00e9 rassemble toutes les informations sur nos produits TCG en un seul endroit utile. Demandez votre exemplaire du guide des produits TCG d\u00e8s maintenant !\" \/>\n<meta property=\"og:url\" content=\"https:\/\/www.roscom.co.uk\/fr\/guide-des-produits-tcg\/\" \/>\n<meta property=\"og:site_name\" content=\"Roscom\" \/>\n<meta property=\"article:modified_time\" content=\"2026-03-31T07:11:14+00:00\" \/>\n<meta property=\"og:image\" content=\"https:\/\/www.roscom.co.uk\/wp-content\/uploads\/FR-v2.0-TCG-Product-Guide-Website-Image.webp\" \/>\n\t<meta property=\"og:image:width\" content=\"850\" \/>\n\t<meta property=\"og:image:height\" content=\"714\" \/>\n\t<meta property=\"og:image:type\" content=\"image\/webp\" \/>\n<meta name=\"twitter:card\" content=\"summary_large_image\" \/>\n<meta name=\"twitter:label1\" content=\"Dur\u00e9e de lecture estim\u00e9e\" \/>\n\t<meta name=\"twitter:data1\" content=\"1 minute\" \/>\n<script type=\"application\/ld+json\" class=\"yoast-schema-graph\">{\"@context\":\"https:\/\/schema.org\",\"@graph\":[{\"@type\":\"WebPage\",\"@id\":\"https:\/\/www.roscom.co.uk\/fr\/guide-des-produits-tcg\/\",\"url\":\"https:\/\/www.roscom.co.uk\/fr\/guide-des-produits-tcg\/\",\"name\":\"Guide des produits TCG - Roscom\",\"isPartOf\":{\"@id\":\"https:\/\/www.roscom.co.uk\/#website\"},\"primaryImageOfPage\":{\"@id\":\"https:\/\/www.roscom.co.uk\/fr\/guide-des-produits-tcg\/#primaryimage\"},\"image\":{\"@id\":\"https:\/\/www.roscom.co.uk\/fr\/guide-des-produits-tcg\/#primaryimage\"},\"thumbnailUrl\":\"https:\/\/www.roscom.co.uk\/wp-content\/uploads\/FR-v2.0-TCG-Product-Guide-Website-Image.webp\",\"datePublished\":\"2024-12-10T16:26:19+00:00\",\"dateModified\":\"2026-03-31T07:11:14+00:00\",\"description\":\"Ce guide d\u00e9taill\u00e9 rassemble toutes les informations sur nos produits TCG en un seul endroit utile. Demandez votre exemplaire du guide des produits TCG d\u00e8s maintenant !\",\"breadcrumb\":{\"@id\":\"https:\/\/www.roscom.co.uk\/fr\/guide-des-produits-tcg\/#breadcrumb\"},\"inLanguage\":\"fr-FR\",\"potentialAction\":[{\"@type\":\"ReadAction\",\"target\":[\"https:\/\/www.roscom.co.uk\/fr\/guide-des-produits-tcg\/\"]}]},{\"@type\":\"ImageObject\",\"inLanguage\":\"fr-FR\",\"@id\":\"https:\/\/www.roscom.co.uk\/fr\/guide-des-produits-tcg\/#primaryimage\",\"url\":\"https:\/\/www.roscom.co.uk\/wp-content\/uploads\/FR-v2.0-TCG-Product-Guide-Website-Image.webp\",\"contentUrl\":\"https:\/\/www.roscom.co.uk\/wp-content\/uploads\/FR-v2.0-TCG-Product-Guide-Website-Image.webp\",\"width\":850,\"height\":714},{\"@type\":\"BreadcrumbList\",\"@id\":\"https:\/\/www.roscom.co.uk\/fr\/guide-des-produits-tcg\/#breadcrumb\",\"itemListElement\":[{\"@type\":\"ListItem\",\"position\":1,\"name\":\"Accueil\",\"item\":\"https:\/\/www.roscom.co.uk\/fr\/\"},{\"@type\":\"ListItem\",\"position\":2,\"name\":\"Guide des produits TCG\"}]},{\"@type\":\"WebSite\",\"@id\":\"https:\/\/www.roscom.co.uk\/#website\",\"url\":\"https:\/\/www.roscom.co.uk\/\",\"name\":\"Roscom\",\"description\":\"Compliance Risk and Business Assurance\",\"publisher\":{\"@id\":\"https:\/\/www.roscom.co.uk\/#organization\"},\"potentialAction\":[{\"@type\":\"SearchAction\",\"target\":{\"@type\":\"EntryPoint\",\"urlTemplate\":\"https:\/\/www.roscom.co.uk\/?s={search_term_string}\"},\"query-input\":{\"@type\":\"PropertyValueSpecification\",\"valueRequired\":true,\"valueName\":\"search_term_string\"}}],\"inLanguage\":\"fr-FR\"},{\"@type\":\"Organization\",\"@id\":\"https:\/\/www.roscom.co.uk\/#organization\",\"name\":\"Roscom\",\"url\":\"https:\/\/www.roscom.co.uk\/\",\"logo\":{\"@type\":\"ImageObject\",\"inLanguage\":\"fr-FR\",\"@id\":\"https:\/\/www.roscom.co.uk\/#\/schema\/logo\/image\/\",\"url\":\"https:\/\/www.roscom.co.uk\/wp-content\/uploads\/Roscom-logo.png\",\"contentUrl\":\"https:\/\/www.roscom.co.uk\/wp-content\/uploads\/Roscom-logo.png\",\"width\":682,\"height\":124,\"caption\":\"Roscom\"},\"image\":{\"@id\":\"https:\/\/www.roscom.co.uk\/#\/schema\/logo\/image\/\"}}]}<\/script>\n<!-- \/ Yoast SEO plugin. -->","yoast_head_json":{"title":"Guide des produits TCG - Roscom","description":"Ce guide d\u00e9taill\u00e9 rassemble toutes les informations sur nos produits TCG en un seul endroit utile. Demandez votre exemplaire du guide des produits TCG d\u00e8s maintenant !","robots":{"index":"index","follow":"follow","max-snippet":"max-snippet:-1","max-image-preview":"max-image-preview:large","max-video-preview":"max-video-preview:-1"},"canonical":"https:\/\/www.roscom.co.uk\/fr\/guide-des-produits-tcg\/","og_locale":"fr_FR","og_type":"article","og_title":"Guide des produits TCG - Roscom","og_description":"Ce guide d\u00e9taill\u00e9 rassemble toutes les informations sur nos produits TCG en un seul endroit utile. Demandez votre exemplaire du guide des produits TCG d\u00e8s maintenant !","og_url":"https:\/\/www.roscom.co.uk\/fr\/guide-des-produits-tcg\/","og_site_name":"Roscom","article_modified_time":"2026-03-31T07:11:14+00:00","og_image":[{"width":850,"height":714,"url":"https:\/\/www.roscom.co.uk\/wp-content\/uploads\/FR-v2.0-TCG-Product-Guide-Website-Image.webp","type":"image\/webp"}],"twitter_card":"summary_large_image","twitter_misc":{"Dur\u00e9e de lecture estim\u00e9e":"1 minute"},"schema":{"@context":"https:\/\/schema.org","@graph":[{"@type":"WebPage","@id":"https:\/\/www.roscom.co.uk\/fr\/guide-des-produits-tcg\/","url":"https:\/\/www.roscom.co.uk\/fr\/guide-des-produits-tcg\/","name":"Guide des produits TCG - Roscom","isPartOf":{"@id":"https:\/\/www.roscom.co.uk\/#website"},"primaryImageOfPage":{"@id":"https:\/\/www.roscom.co.uk\/fr\/guide-des-produits-tcg\/#primaryimage"},"image":{"@id":"https:\/\/www.roscom.co.uk\/fr\/guide-des-produits-tcg\/#primaryimage"},"thumbnailUrl":"https:\/\/www.roscom.co.uk\/wp-content\/uploads\/FR-v2.0-TCG-Product-Guide-Website-Image.webp","datePublished":"2024-12-10T16:26:19+00:00","dateModified":"2026-03-31T07:11:14+00:00","description":"Ce guide d\u00e9taill\u00e9 rassemble toutes les informations sur nos produits TCG en un seul endroit utile. Demandez votre exemplaire du guide des produits TCG d\u00e8s maintenant !","breadcrumb":{"@id":"https:\/\/www.roscom.co.uk\/fr\/guide-des-produits-tcg\/#breadcrumb"},"inLanguage":"fr-FR","potentialAction":[{"@type":"ReadAction","target":["https:\/\/www.roscom.co.uk\/fr\/guide-des-produits-tcg\/"]}]},{"@type":"ImageObject","inLanguage":"fr-FR","@id":"https:\/\/www.roscom.co.uk\/fr\/guide-des-produits-tcg\/#primaryimage","url":"https:\/\/www.roscom.co.uk\/wp-content\/uploads\/FR-v2.0-TCG-Product-Guide-Website-Image.webp","contentUrl":"https:\/\/www.roscom.co.uk\/wp-content\/uploads\/FR-v2.0-TCG-Product-Guide-Website-Image.webp","width":850,"height":714},{"@type":"BreadcrumbList","@id":"https:\/\/www.roscom.co.uk\/fr\/guide-des-produits-tcg\/#breadcrumb","itemListElement":[{"@type":"ListItem","position":1,"name":"Accueil","item":"https:\/\/www.roscom.co.uk\/fr\/"},{"@type":"ListItem","position":2,"name":"Guide des produits TCG"}]},{"@type":"WebSite","@id":"https:\/\/www.roscom.co.uk\/#website","url":"https:\/\/www.roscom.co.uk\/","name":"Roscom","description":"Compliance Risk and Business Assurance","publisher":{"@id":"https:\/\/www.roscom.co.uk\/#organization"},"potentialAction":[{"@type":"SearchAction","target":{"@type":"EntryPoint","urlTemplate":"https:\/\/www.roscom.co.uk\/?s={search_term_string}"},"query-input":{"@type":"PropertyValueSpecification","valueRequired":true,"valueName":"search_term_string"}}],"inLanguage":"fr-FR"},{"@type":"Organization","@id":"https:\/\/www.roscom.co.uk\/#organization","name":"Roscom","url":"https:\/\/www.roscom.co.uk\/","logo":{"@type":"ImageObject","inLanguage":"fr-FR","@id":"https:\/\/www.roscom.co.uk\/#\/schema\/logo\/image\/","url":"https:\/\/www.roscom.co.uk\/wp-content\/uploads\/Roscom-logo.png","contentUrl":"https:\/\/www.roscom.co.uk\/wp-content\/uploads\/Roscom-logo.png","width":682,"height":124,"caption":"Roscom"},"image":{"@id":"https:\/\/www.roscom.co.uk\/#\/schema\/logo\/image\/"}}]}},"_links":{"self":[{"href":"https:\/\/www.roscom.co.uk\/fr\/wp-json\/wp\/v2\/pages\/25562","targetHints":{"allow":["GET"]}}],"collection":[{"href":"https:\/\/www.roscom.co.uk\/fr\/wp-json\/wp\/v2\/pages"}],"about":[{"href":"https:\/\/www.roscom.co.uk\/fr\/wp-json\/wp\/v2\/types\/page"}],"author":[{"embeddable":true,"href":"https:\/\/www.roscom.co.uk\/fr\/wp-json\/wp\/v2\/users\/4"}],"replies":[{"embeddable":true,"href":"https:\/\/www.roscom.co.uk\/fr\/wp-json\/wp\/v2\/comments?post=25562"}],"version-history":[{"count":20,"href":"https:\/\/www.roscom.co.uk\/fr\/wp-json\/wp\/v2\/pages\/25562\/revisions"}],"predecessor-version":[{"id":26315,"href":"https:\/\/www.roscom.co.uk\/fr\/wp-json\/wp\/v2\/pages\/25562\/revisions\/26315"}],"wp:featuredmedia":[{"embeddable":true,"href":"https:\/\/www.roscom.co.uk\/fr\/wp-json\/wp\/v2\/media\/25606"}],"wp:attachment":[{"href":"https:\/\/www.roscom.co.uk\/fr\/wp-json\/wp\/v2\/media?parent=25562"}],"curies":[{"name":"wp","href":"https:\/\/api.w.org\/{rel}","templated":true}]}}