{"id":9887,"date":"2020-11-15T17:25:50","date_gmt":"2020-11-15T17:25:50","guid":{"rendered":"https:\/\/www.roscom.co.uk\/mentions-legales-conditions-generales-dutilisation-cgu\/"},"modified":"2022-10-18T09:22:32","modified_gmt":"2022-10-18T08:22:32","slug":"mentions-legales-conditions-generales-dutilisation-cgu","status":"publish","type":"page","link":"https:\/\/www.roscom.co.uk\/fr\/mentions-legales-conditions-generales-dutilisation-cgu\/","title":{"rendered":"Mentions L\u00e9gales &amp; Conditions G\u00e9n\u00e9rales d&rsquo;Utilisation (CGU)"},"content":{"rendered":"\t\t<div data-elementor-type=\"wp-post\" data-elementor-id=\"9887\" class=\"elementor elementor-9887 elementor-8081\" data-elementor-post-type=\"page\">\n\t\t\t\t\t\t<section class=\"elementor-section elementor-top-section elementor-element elementor-element-6e4789d elementor-section-boxed elementor-section-height-default elementor-section-height-default\" data-id=\"6e4789d\" data-element_type=\"section\" data-e-type=\"section\">\n\t\t\t\t\t\t<div class=\"elementor-container elementor-column-gap-default\">\n\t\t\t\t\t<div class=\"elementor-column elementor-col-100 elementor-top-column elementor-element elementor-element-f6f0fb4\" data-id=\"f6f0fb4\" data-element_type=\"column\" data-e-type=\"column\">\n\t\t\t<div class=\"elementor-widget-wrap elementor-element-populated\">\n\t\t\t\t\t\t<div class=\"elementor-element elementor-element-5ce4f78 elementor-widget elementor-widget-spacer\" data-id=\"5ce4f78\" data-element_type=\"widget\" data-e-type=\"widget\" data-widget_type=\"spacer.default\">\n\t\t\t\t<div class=\"elementor-widget-container\">\n\t\t\t\t\t\t\t<div class=\"elementor-spacer\">\n\t\t\t<div class=\"elementor-spacer-inner\"><\/div>\n\t\t<\/div>\n\t\t\t\t\t\t<\/div>\n\t\t\t\t<\/div>\n\t\t\t\t\t<\/div>\n\t\t<\/div>\n\t\t\t\t\t<\/div>\n\t\t<\/section>\n\t\t\t\t<section class=\"elementor-section elementor-top-section elementor-element elementor-element-4dfd033 elementor-section-boxed elementor-section-height-default elementor-section-height-default\" data-id=\"4dfd033\" data-element_type=\"section\" data-e-type=\"section\">\n\t\t\t\t\t\t<div class=\"elementor-container elementor-column-gap-default\">\n\t\t\t\t\t<div class=\"elementor-column elementor-col-100 elementor-top-column elementor-element elementor-element-c8f4a87\" data-id=\"c8f4a87\" data-element_type=\"column\" data-e-type=\"column\">\n\t\t\t<div class=\"elementor-widget-wrap elementor-element-populated\">\n\t\t\t\t\t\t<div class=\"elementor-element elementor-element-3db8f2c elementor-widget elementor-widget-heading\" data-id=\"3db8f2c\" data-element_type=\"widget\" data-e-type=\"widget\" data-widget_type=\"heading.default\">\n\t\t\t\t<div class=\"elementor-widget-container\">\n\t\t\t\t\t<h1 class=\"elementor-heading-title elementor-size-default\">Mentions Legales &amp; Conditions<\/h1>\t\t\t\t<\/div>\n\t\t\t\t<\/div>\n\t\t\t\t<div class=\"elementor-element elementor-element-34d2c76 elementor-widget elementor-widget-text-editor\" data-id=\"34d2c76\" data-element_type=\"widget\" data-e-type=\"widget\" data-widget_type=\"text-editor.default\">\n\t\t\t\t<div class=\"elementor-widget-container\">\n\t\t\t\t\t\t\t\t\t<h3>Roscom Limited<\/h3>\n<p>Si\u00e8ge social: Bateman Street, Derby, Derbyshire, DE23 8JQ. La Soci\u00e9t\u00e9 est inscrite au registre du commerce d&rsquo;Angleterre. Sous le num\u00e9ro 04070645.<\/p>\n<h3>Clause de non-responsabilit\u00e9 des emails<\/h3>\n<p>Le contenu de cet e-mail et de toutes les pi\u00e8ces jointes est confidentiel et est destin\u00e9 uniquement \u00e0 l&rsquo;usage du (des) destinataire(s), sauf indication contraire. Si vous avez re\u00e7u cet e-mail par erreur, veuillez en informer imm\u00e9diatement le ou les exp\u00e9diteurs par t\u00e9l\u00e9phone si possible ou par e-mail. Veuillez d\u00e9truire et supprimer le message de votre ordinateur. Toute forme de reproduction, diffusion, copie, divulgation, modification, distribution et \/ ou publication de cet e-mail est strictement interdite sauf express\u00e9ment autoris\u00e9e par l\u2019 (les) exp\u00e9diteur(s). Personne, sans confirmation \u00e9crite du contenu de cet e-mail, ne doit s&rsquo;y fier. Bien que cet e-mail et les informations qu&rsquo;il contient soient fournis de bonne foi, Roscom Ltd. (et toute soci\u00e9t\u00e9 affili\u00e9e), ne sera sous aucune responsabilit\u00e9 quant au contenu de cet e-mail ou pour toute confiance que le destinataire pourrait lui accorder. Cet e-mail est envoy\u00e9 \u00e0 titre informatif uniquement et n&rsquo;aura pas pour effet de cr\u00e9er un contrat entre les parties.<\/p>\n<p>Roscom veille \u00e0 ce que tous les e-mails envoy\u00e9s par Roscom Ltd. soient analys\u00e9s \u00e0 la recherche de logiciels malveillants et de virus \u00e0 l&rsquo;aide d&rsquo;un syst\u00e8me antivirus reconnu dot\u00e9 des derni\u00e8res d\u00e9finitions. Le syst\u00e8me antivirus peut ne pas \u00eatre en mesure de d\u00e9tecter tous les virus et variantes. Veuillez noter qu&rsquo;il existe un risque lors du t\u00e9l\u00e9chargement de pi\u00e8ces jointes de courrier \u00e9lectronique sur votre ordinateur et que Roscom Ltd. n&rsquo;est pas responsable des dommages caus\u00e9s par votre d\u00e9cision de le faire.<\/p>\n<h3>Clause de non-responsabilit\u00e9 des services en ligne<\/h3>\n<p>Les services en ligne que Roscom propose aux clients sont confidentiels et sont destin\u00e9s uniquement \u00e0 \u00eatre utilis\u00e9s par des utilisateurs autoris\u00e9s. Les personnes qui acc\u00e8dent ou tentent d&rsquo;acc\u00e9der \u00e0 des donn\u00e9es auxquelles elles ne sont pas autoris\u00e9es par Roscom Ltd., ou qui subvertissent les processus ou technologies de s\u00e9curit\u00e9 mis en place par Roscom Ltd seront consid\u00e9r\u00e9es comme une violation de la Loi de 1990 sur l&rsquo;utilisation abusive de l&rsquo;informatique.<\/p>\n<p>Roscom veille \u00e0 ce que les donn\u00e9es associ\u00e9es \u00e0 ces services en ligne soient analys\u00e9es \u00e0 la recherche de logiciels malveillants et de virus \u00e0 l&rsquo;aide d&rsquo;un syst\u00e8me antivirus reconnu dot\u00e9 des derni\u00e8res d\u00e9finitions. Le syst\u00e8me antivirus peut ne pas \u00eatre en mesure de d\u00e9tecter tous les virus et variantes. Veuillez noter qu&rsquo;il existe un risque lors du t\u00e9l\u00e9chargement de donn\u00e9es \u00e0 partir d&rsquo;un syst\u00e8me en ligne et que Roscom Ltd. n&rsquo;est pas responsable des dommages caus\u00e9s par votre d\u00e9cision de le faire.<\/p>\n\t\t\t\t\t\t\t\t<\/div>\n\t\t\t\t<\/div>\n\t\t\t\t\t<\/div>\n\t\t<\/div>\n\t\t\t\t\t<\/div>\n\t\t<\/section>\n\t\t\t\t<\/div>\n\t\t","protected":false},"excerpt":{"rendered":"<p>Mentions Legales &amp; Conditions Roscom Limited Si\u00e8ge social: Bateman Street, Derby, Derbyshire, DE23 8JQ. La Soci\u00e9t\u00e9 est inscrite au registre du commerce d&rsquo;Angleterre. Sous le num\u00e9ro 04070645. Clause de non-responsabilit\u00e9 des emails Le contenu de cet e-mail et de toutes les pi\u00e8ces jointes est confidentiel et est destin\u00e9 uniquement \u00e0 l&rsquo;usage du (des) destinataire(s), sauf [&hellip;]<\/p>\n","protected":false},"author":2,"featured_media":0,"parent":0,"menu_order":0,"comment_status":"closed","ping_status":"closed","template":"","meta":{"footnotes":""},"class_list":["post-9887","page","type-page","status-publish","hentry"],"yoast_head":"<!-- This site is optimized with the Yoast SEO plugin v27.0 - https:\/\/yoast.com\/product\/yoast-seo-wordpress\/ -->\n<title>Mentions L\u00e9gales &amp; Conditions G\u00e9n\u00e9rales d&#039;Utilisation (CGU)<\/title>\n<meta name=\"description\" content=\"Le contenu de cet e-mail et de toutes les pi\u00e8ces jointes est confidentiel et est destin\u00e9 uniquement \u00e0 l\u2019usage du (des) destinataire(s).\" \/>\n<meta name=\"robots\" content=\"index, follow, max-snippet:-1, max-image-preview:large, max-video-preview:-1\" \/>\n<link rel=\"canonical\" href=\"https:\/\/www.roscom.co.uk\/fr\/mentions-legales-conditions-generales-dutilisation-cgu\/\" \/>\n<meta property=\"og:locale\" content=\"fr_FR\" \/>\n<meta property=\"og:type\" content=\"article\" \/>\n<meta property=\"og:title\" content=\"Mentions L\u00e9gales &amp; Conditions G\u00e9n\u00e9rales d&#039;Utilisation (CGU)\" \/>\n<meta property=\"og:description\" content=\"Le contenu de cet e-mail et de toutes les pi\u00e8ces jointes est confidentiel et est destin\u00e9 uniquement \u00e0 l\u2019usage du (des) destinataire(s).\" \/>\n<meta property=\"og:url\" content=\"https:\/\/www.roscom.co.uk\/fr\/mentions-legales-conditions-generales-dutilisation-cgu\/\" \/>\n<meta property=\"og:site_name\" content=\"Roscom\" \/>\n<meta property=\"article:modified_time\" content=\"2022-10-18T08:22:32+00:00\" \/>\n<meta name=\"twitter:card\" content=\"summary_large_image\" \/>\n<meta name=\"twitter:label1\" content=\"Dur\u00e9e de lecture estim\u00e9e\" \/>\n\t<meta name=\"twitter:data1\" content=\"2 minutes\" \/>\n<script type=\"application\/ld+json\" class=\"yoast-schema-graph\">{\"@context\":\"https:\/\/schema.org\",\"@graph\":[{\"@type\":\"WebPage\",\"@id\":\"https:\/\/www.roscom.co.uk\/fr\/mentions-legales-conditions-generales-dutilisation-cgu\/\",\"url\":\"https:\/\/www.roscom.co.uk\/fr\/mentions-legales-conditions-generales-dutilisation-cgu\/\",\"name\":\"Mentions L\u00e9gales &amp; Conditions G\u00e9n\u00e9rales d'Utilisation (CGU)\",\"isPartOf\":{\"@id\":\"https:\/\/www.roscom.co.uk\/#website\"},\"datePublished\":\"2020-11-15T17:25:50+00:00\",\"dateModified\":\"2022-10-18T08:22:32+00:00\",\"description\":\"Le contenu de cet e-mail et de toutes les pi\u00e8ces jointes est confidentiel et est destin\u00e9 uniquement \u00e0 l\u2019usage du (des) destinataire(s).\",\"breadcrumb\":{\"@id\":\"https:\/\/www.roscom.co.uk\/fr\/mentions-legales-conditions-generales-dutilisation-cgu\/#breadcrumb\"},\"inLanguage\":\"fr-FR\",\"potentialAction\":[{\"@type\":\"ReadAction\",\"target\":[\"https:\/\/www.roscom.co.uk\/fr\/mentions-legales-conditions-generales-dutilisation-cgu\/\"]}]},{\"@type\":\"BreadcrumbList\",\"@id\":\"https:\/\/www.roscom.co.uk\/fr\/mentions-legales-conditions-generales-dutilisation-cgu\/#breadcrumb\",\"itemListElement\":[{\"@type\":\"ListItem\",\"position\":1,\"name\":\"Accueil\",\"item\":\"https:\/\/www.roscom.co.uk\/fr\/\"},{\"@type\":\"ListItem\",\"position\":2,\"name\":\"Mentions L\u00e9gales &amp; Conditions G\u00e9n\u00e9rales d&#8217;Utilisation (CGU)\"}]},{\"@type\":\"WebSite\",\"@id\":\"https:\/\/www.roscom.co.uk\/#website\",\"url\":\"https:\/\/www.roscom.co.uk\/\",\"name\":\"Roscom\",\"description\":\"Compliance Risk and Business Assurance\",\"publisher\":{\"@id\":\"https:\/\/www.roscom.co.uk\/#organization\"},\"potentialAction\":[{\"@type\":\"SearchAction\",\"target\":{\"@type\":\"EntryPoint\",\"urlTemplate\":\"https:\/\/www.roscom.co.uk\/?s={search_term_string}\"},\"query-input\":{\"@type\":\"PropertyValueSpecification\",\"valueRequired\":true,\"valueName\":\"search_term_string\"}}],\"inLanguage\":\"fr-FR\"},{\"@type\":\"Organization\",\"@id\":\"https:\/\/www.roscom.co.uk\/#organization\",\"name\":\"Roscom\",\"url\":\"https:\/\/www.roscom.co.uk\/\",\"logo\":{\"@type\":\"ImageObject\",\"inLanguage\":\"fr-FR\",\"@id\":\"https:\/\/www.roscom.co.uk\/#\/schema\/logo\/image\/\",\"url\":\"https:\/\/www.roscom.co.uk\/wp-content\/uploads\/Roscom-logo.png\",\"contentUrl\":\"https:\/\/www.roscom.co.uk\/wp-content\/uploads\/Roscom-logo.png\",\"width\":682,\"height\":124,\"caption\":\"Roscom\"},\"image\":{\"@id\":\"https:\/\/www.roscom.co.uk\/#\/schema\/logo\/image\/\"}}]}<\/script>\n<!-- \/ Yoast SEO plugin. -->","yoast_head_json":{"title":"Mentions L\u00e9gales &amp; Conditions G\u00e9n\u00e9rales d'Utilisation (CGU)","description":"Le contenu de cet e-mail et de toutes les pi\u00e8ces jointes est confidentiel et est destin\u00e9 uniquement \u00e0 l\u2019usage du (des) destinataire(s).","robots":{"index":"index","follow":"follow","max-snippet":"max-snippet:-1","max-image-preview":"max-image-preview:large","max-video-preview":"max-video-preview:-1"},"canonical":"https:\/\/www.roscom.co.uk\/fr\/mentions-legales-conditions-generales-dutilisation-cgu\/","og_locale":"fr_FR","og_type":"article","og_title":"Mentions L\u00e9gales &amp; Conditions G\u00e9n\u00e9rales d'Utilisation (CGU)","og_description":"Le contenu de cet e-mail et de toutes les pi\u00e8ces jointes est confidentiel et est destin\u00e9 uniquement \u00e0 l\u2019usage du (des) destinataire(s).","og_url":"https:\/\/www.roscom.co.uk\/fr\/mentions-legales-conditions-generales-dutilisation-cgu\/","og_site_name":"Roscom","article_modified_time":"2022-10-18T08:22:32+00:00","twitter_card":"summary_large_image","twitter_misc":{"Dur\u00e9e de lecture estim\u00e9e":"2 minutes"},"schema":{"@context":"https:\/\/schema.org","@graph":[{"@type":"WebPage","@id":"https:\/\/www.roscom.co.uk\/fr\/mentions-legales-conditions-generales-dutilisation-cgu\/","url":"https:\/\/www.roscom.co.uk\/fr\/mentions-legales-conditions-generales-dutilisation-cgu\/","name":"Mentions L\u00e9gales &amp; Conditions G\u00e9n\u00e9rales d'Utilisation (CGU)","isPartOf":{"@id":"https:\/\/www.roscom.co.uk\/#website"},"datePublished":"2020-11-15T17:25:50+00:00","dateModified":"2022-10-18T08:22:32+00:00","description":"Le contenu de cet e-mail et de toutes les pi\u00e8ces jointes est confidentiel et est destin\u00e9 uniquement \u00e0 l\u2019usage du (des) destinataire(s).","breadcrumb":{"@id":"https:\/\/www.roscom.co.uk\/fr\/mentions-legales-conditions-generales-dutilisation-cgu\/#breadcrumb"},"inLanguage":"fr-FR","potentialAction":[{"@type":"ReadAction","target":["https:\/\/www.roscom.co.uk\/fr\/mentions-legales-conditions-generales-dutilisation-cgu\/"]}]},{"@type":"BreadcrumbList","@id":"https:\/\/www.roscom.co.uk\/fr\/mentions-legales-conditions-generales-dutilisation-cgu\/#breadcrumb","itemListElement":[{"@type":"ListItem","position":1,"name":"Accueil","item":"https:\/\/www.roscom.co.uk\/fr\/"},{"@type":"ListItem","position":2,"name":"Mentions L\u00e9gales &amp; Conditions G\u00e9n\u00e9rales d&#8217;Utilisation (CGU)"}]},{"@type":"WebSite","@id":"https:\/\/www.roscom.co.uk\/#website","url":"https:\/\/www.roscom.co.uk\/","name":"Roscom","description":"Compliance Risk and Business Assurance","publisher":{"@id":"https:\/\/www.roscom.co.uk\/#organization"},"potentialAction":[{"@type":"SearchAction","target":{"@type":"EntryPoint","urlTemplate":"https:\/\/www.roscom.co.uk\/?s={search_term_string}"},"query-input":{"@type":"PropertyValueSpecification","valueRequired":true,"valueName":"search_term_string"}}],"inLanguage":"fr-FR"},{"@type":"Organization","@id":"https:\/\/www.roscom.co.uk\/#organization","name":"Roscom","url":"https:\/\/www.roscom.co.uk\/","logo":{"@type":"ImageObject","inLanguage":"fr-FR","@id":"https:\/\/www.roscom.co.uk\/#\/schema\/logo\/image\/","url":"https:\/\/www.roscom.co.uk\/wp-content\/uploads\/Roscom-logo.png","contentUrl":"https:\/\/www.roscom.co.uk\/wp-content\/uploads\/Roscom-logo.png","width":682,"height":124,"caption":"Roscom"},"image":{"@id":"https:\/\/www.roscom.co.uk\/#\/schema\/logo\/image\/"}}]}},"_links":{"self":[{"href":"https:\/\/www.roscom.co.uk\/fr\/wp-json\/wp\/v2\/pages\/9887","targetHints":{"allow":["GET"]}}],"collection":[{"href":"https:\/\/www.roscom.co.uk\/fr\/wp-json\/wp\/v2\/pages"}],"about":[{"href":"https:\/\/www.roscom.co.uk\/fr\/wp-json\/wp\/v2\/types\/page"}],"author":[{"embeddable":true,"href":"https:\/\/www.roscom.co.uk\/fr\/wp-json\/wp\/v2\/users\/2"}],"replies":[{"embeddable":true,"href":"https:\/\/www.roscom.co.uk\/fr\/wp-json\/wp\/v2\/comments?post=9887"}],"version-history":[{"count":0,"href":"https:\/\/www.roscom.co.uk\/fr\/wp-json\/wp\/v2\/pages\/9887\/revisions"}],"wp:attachment":[{"href":"https:\/\/www.roscom.co.uk\/fr\/wp-json\/wp\/v2\/media?parent=9887"}],"curies":[{"name":"wp","href":"https:\/\/api.w.org\/{rel}","templated":true}]}}